{"id":2412,"date":"2025-08-23T22:45:48","date_gmt":"2025-08-23T19:45:48","guid":{"rendered":"https:\/\/plaatimine24.ee\/?page_id=2412"},"modified":"2025-08-23T22:48:30","modified_gmt":"2025-08-23T19:48:30","slug":"%d0%b1%d0%bb%d0%be%d0%b3-%d0%be-%d0%bf%d0%bb%d0%b8%d1%82%d0%ba%d0%b5","status":"publish","type":"page","link":"https:\/\/plaatimine24.ee\/ru\/%d0%b1%d0%bb%d0%be%d0%b3-%d0%be-%d0%bf%d0%bb%d0%b8%d1%82%d0%ba%d0%b5\/","title":{"rendered":"\u0411\u043b\u043e\u0433 \u043e \u043f\u043b\u0438\u0442\u043a\u0435"},"content":{"rendered":"<div class=\"fusion-fullwidth fullwidth-box fusion-builder-row-1 fusion-flex-container has-pattern-background has-mask-background nonhundred-percent-fullwidth non-hundred-percent-height-scrolling\" style=\"--awb-border-radius-top-left:0px;--awb-border-radius-top-right:0px;--awb-border-radius-bottom-right:0px;--awb-border-radius-bottom-left:0px;--awb-flex-wrap:wrap;\" ><div class=\"fusion-builder-row fusion-row fusion-flex-align-items-flex-start fusion-flex-content-wrap\" style=\"max-width:1216.8px;margin-left: calc(-4% \/ 2 );margin-right: calc(-4% \/ 2 );\"><div class=\"fusion-layout-column fusion_builder_column fusion-builder-column-0 fusion_builder_column_1_1 1_1 fusion-flex-column\" style=\"--awb-bg-size:cover;--awb-width-large:100%;--awb-margin-top-large:0px;--awb-spacing-right-large:1.92%;--awb-margin-bottom-large:0px;--awb-spacing-left-large:1.92%;--awb-width-medium:100%;--awb-order-medium:0;--awb-spacing-right-medium:1.92%;--awb-spacing-left-medium:1.92%;--awb-width-small:100%;--awb-order-small:0;--awb-spacing-right-small:1.92%;--awb-spacing-left-small:1.92%;\"><div class=\"fusion-column-wrapper fusion-column-has-shadow fusion-flex-justify-content-flex-start fusion-content-layout-column\"><div class=\"fusion-title title fusion-title-1 fusion-sep-none fusion-title-text fusion-title-size-one\" style=\"--awb-margin-top-small:0px;--awb-margin-right-small:0px;--awb-margin-bottom-small:20px;--awb-margin-left-small:0px;\"><h1 class=\"fusion-title-heading title-heading-left fusion-responsive-typography-calculated\" style=\"margin:0;text-transform:capitalize;--fontSize:60;line-height:var(--awb-typography1-line-height);\">\u0411\u043b\u043e\u0433 \u043e \u043f\u043b\u0438\u0442\u043a\u0435<\/h1><\/div><div class=\"fusion-blog-shortcode fusion-blog-shortcode-1 fusion-blog-archive fusion-blog-layout-large fusion-blog-pagination\"><div class=\"fusion-posts-container fusion-posts-container-pagination fusion-blog-rollover\" data-pages=\"1\"><article id=\"blog-1-post-2406\" class=\"fusion-post-large post-2406 post type-post status-publish format-standard has-post-thumbnail hentry category-41\">\n\t<style type=\"text\/css\">\n\t\t\n\t\t\n\t\t\n\t\t\n\t\t\t<\/style>\n\n\n\t\t\t<div class=\"fusion-flexslider flexslider fusion-flexslider-loading fusion-post-slideshow\" style=\"\">\n\t\t<ul class=\"slides\">\n\t\t\t\n\t\t\t\t\t\t\t\t\t\t\t\t\t\t<li><div  class=\"fusion-image-wrapper\" aria-haspopup=\"true\">\n\t\t\t\t<img decoding=\"async\" width=\"1920\" height=\"1280\" src=\"https:\/\/plaatimine24.ee\/wp-content\/uploads\/2025\/08\/plaatimine.webp\" class=\"attachment-full size-full wp-post-image\" alt=\"plaatimine\" srcset=\"https:\/\/plaatimine24.ee\/wp-content\/uploads\/2025\/08\/plaatimine-200x133.webp 200w, https:\/\/plaatimine24.ee\/wp-content\/uploads\/2025\/08\/plaatimine-400x267.webp 400w, https:\/\/plaatimine24.ee\/wp-content\/uploads\/2025\/08\/plaatimine-600x400.webp 600w, https:\/\/plaatimine24.ee\/wp-content\/uploads\/2025\/08\/plaatimine-800x533.webp 800w, https:\/\/plaatimine24.ee\/wp-content\/uploads\/2025\/08\/plaatimine-1200x800.webp 1200w, https:\/\/plaatimine24.ee\/wp-content\/uploads\/2025\/08\/plaatimine.webp 1920w\" sizes=\"(max-width: 1024px) 100vw, (max-width: 640px) 100vw, 1200px\" \/><div class=\"fusion-rollover\">\n\t<div class=\"fusion-rollover-content\">\n\n\t\t\t\t\t\t\t\t\t\t\t\t\t\t<a class=\"fusion-rollover-link\" href=\"https:\/\/plaatimine24.ee\/ru\/%d0%bf%d0%bb%d0%b8%d1%82%d0%be%d1%87%d0%bd%d1%8b%d0%b5-%d1%80%d0%b0%d0%b1%d0%be%d1%82%d1%8b\/\">\u041f\u043b\u0438\u0442\u043e\u0447\u043d\u044b\u0435 \u0440\u0430\u0431\u043e\u0442\u044b<\/a>\n\t\t\t\n\t\t\t\t\t\t\t\t\t\t\t\t\t\t\n\t\t\t\t\t\t\t\t\n\t\t\t\t\t\t\t\t\t\t\t\t\t<div class=\"fusion-rollover-sep\"><\/div>\n\t\t\t\t\n\t\t\t\t\t\t\t\t\t\t\t\t\t\t\t\t\t\t<a class=\"fusion-rollover-gallery\" href=\"https:\/\/plaatimine24.ee\/wp-content\/uploads\/2025\/08\/plaatimine.webp\" data-options=\"\" data-id=\"2406\" data-rel=\"iLightbox[gallery]\" data-title=\"plaatimine\" data-caption=\"\">\n\t\t\t\t\t\tGallery\t\t\t\t\t<\/a>\n\t\t\t\t\t\t\t\t\t\t\t\t\t\t\n\t\t\n\t\t\t\t\t\t\t\t\t\t\t\t<h4 class=\"fusion-rollover-title\">\n\t\t\t\t\t<a class=\"fusion-rollover-title-link\" href=\"https:\/\/plaatimine24.ee\/ru\/%d0%bf%d0%bb%d0%b8%d1%82%d0%be%d1%87%d0%bd%d1%8b%d0%b5-%d1%80%d0%b0%d0%b1%d0%be%d1%82%d1%8b\/\">\n\t\t\t\t\t\t\u041f\u043b\u0438\u0442\u043e\u0447\u043d\u044b\u0435 \u0440\u0430\u0431\u043e\u0442\u044b\t\t\t\t\t<\/a>\n\t\t\t\t<\/h4>\n\t\t\t\n\t\t\t\t\t\t\t\t\t\t<div class=\"fusion-rollover-categories\"><a href=\"https:\/\/plaatimine24.ee\/ru\/category\/%d0%bf%d0%bb%d0%b8%d1%82%d0%be%d1%87%d0%bd%d1%8b%d0%b5-%d1%80%d0%b0%d0%b1%d0%be%d1%82%d1%8b\/\" rel=\"tag\">\u041f\u043b\u0438\u0442\u043e\u0447\u043d\u044b\u0435 \u0440\u0430\u0431\u043e\u0442\u044b<\/a><\/div>\t\t\t\t\t\n\t\t\n\t\t\t\t\t\t<a class=\"fusion-link-wrapper\" href=\"https:\/\/plaatimine24.ee\/ru\/%d0%bf%d0%bb%d0%b8%d1%82%d0%be%d1%87%d0%bd%d1%8b%d0%b5-%d1%80%d0%b0%d0%b1%d0%be%d1%82%d1%8b\/\" aria-label=\"\u041f\u043b\u0438\u0442\u043e\u0447\u043d\u044b\u0435 \u0440\u0430\u0431\u043e\u0442\u044b\"><\/a>\n\t<\/div>\n<\/div>\n<\/div>\n<\/li>\n\t\t\t\n\t\t\t\n\t\t\t\t\t\t\t\t\t\t\t\t\t\t\t\t\t\t\t\t\t\t\t\t\t\t\t\t\t\t\t\t\t\t\t\t\t\t\t\t\t\t\t\t\t\t\t\t\t\t\t\t\t\t\t\t\t\t\t\t\t\t\t\t\t\t\t\t<\/ul>\n\t<\/div>\n\t<div class=\"fusion-post-content post-content\"><h2 class=\"blog-shortcode-post-title entry-title\"><a href=\"https:\/\/plaatimine24.ee\/ru\/%d0%bf%d0%bb%d0%b8%d1%82%d0%be%d1%87%d0%bd%d1%8b%d0%b5-%d1%80%d0%b0%d0%b1%d0%be%d1%82%d1%8b\/\">\u041f\u043b\u0438\u0442\u043e\u0447\u043d\u044b\u0435 \u0440\u0430\u0431\u043e\u0442\u044b<\/a><\/h2><div class=\"fusion-post-content-container\"><p>\u041f\u043b\u0438\u0442\u043e\u0447\u043d\u044b\u0435 \u0440\u0430\u0431\u043e\u0442\u044b  \u041f\u043b\u0438\u0442\u043e\u0447\u043d\u044b\u0435 \u0440\u0430\u0431\u043e\u0442\u044b: \u043d\u0430\u0434\u0451\u0436\u043d\u043e\u0441\u0442\u044c, \u044d\u0441\u0442\u0435\u0442\u0438\u043a\u0430 \u0438 \u043a\u043e\u043c\u0444\u043e\u0440\u0442 \u0432<\/p><\/div><\/div><div class=\"fusion-clearfix\"><\/div><div class=\"fusion-meta-info\"><div class=\"fusion-alignleft\">By <span class=\"vcard\"><span class=\"fn\"><a href=\"https:\/\/plaatimine24.ee\/ru\/author\/andres\/\" title=\"\u0417\u0430\u043f\u0438\u0441\u0438 Plaatimine\" rel=\"author\">Plaatimine<\/a><\/span><\/span><span class=\"fusion-inline-sep\">|<\/span><span class=\"updated\" style=\"display:none;\">2025-08-23T22:44:12+03:00<\/span><span>23 \u0430\u0432\u0433\u0443\u0441\u0442\u0430, 2025<\/span><span class=\"fusion-inline-sep\">|<\/span>Categories: <a href=\"https:\/\/plaatimine24.ee\/ru\/category\/%d0%bf%d0%bb%d0%b8%d1%82%d0%be%d1%87%d0%bd%d1%8b%d0%b5-%d1%80%d0%b0%d0%b1%d0%be%d1%82%d1%8b\/\" rel=\"category tag\">\u041f\u043b\u0438\u0442\u043e\u0447\u043d\u044b\u0435 \u0440\u0430\u0431\u043e\u0442\u044b<\/a><span class=\"fusion-inline-sep\">|<\/span><span class=\"fusion-comments\"><span>\u041a\u043e\u043c\u043c\u0435\u043d\u0442\u0430\u0440\u0438\u0438<span class=\"screen-reader-text\"> \u043a \u0437\u0430\u043f\u0438\u0441\u0438 \u041f\u043b\u0438\u0442\u043e\u0447\u043d\u044b\u0435 \u0440\u0430\u0431\u043e\u0442\u044b<\/span> \u043e\u0442\u043a\u043b\u044e\u0447\u0435\u043d\u044b<\/span><\/span><\/div><div class=\"fusion-alignright\"><a class=\"fusion-read-more\" href=\"https:\/\/plaatimine24.ee\/ru\/%d0%bf%d0%bb%d0%b8%d1%82%d0%be%d1%87%d0%bd%d1%8b%d0%b5-%d1%80%d0%b0%d0%b1%d0%be%d1%82%d1%8b\/\" aria-label=\"More on \u041f\u043b\u0438\u0442\u043e\u0447\u043d\u044b\u0435 \u0440\u0430\u0431\u043e\u0442\u044b\">Read More<\/a><\/div><\/div><\/article>\n<\/div><\/div><\/div><\/div><\/div><\/div>\n","protected":false},"excerpt":{"rendered":"","protected":false},"author":2,"featured_media":2402,"parent":0,"menu_order":0,"comment_status":"closed","ping_status":"closed","template":"","meta":{"footnotes":""},"class_list":["post-2412","page","type-page","status-publish","has-post-thumbnail","hentry"],"yoast_head":"<!-- This site is optimized with the Yoast SEO Premium plugin v27.5 (Yoast SEO v27.5) - https:\/\/yoast.com\/product\/yoast-seo-premium-wordpress\/ -->\n<title>\u0411\u043b\u043e\u0433 \u043e \u043f\u043b\u0438\u0442\u043a\u0435 - Plaatimine24.ee<\/title>\n<meta name=\"description\" content=\"\u0411\u043b\u043e\u0433 \u043e \u043f\u043b\u0438\u0442\u043a\u0435.\" \/>\n<meta name=\"robots\" content=\"index, follow, max-snippet:-1, max-image-preview:large, max-video-preview:-1\" \/>\n<link rel=\"canonical\" href=\"https:\/\/plaatimine24.ee\/ru\/%d0%b1%d0%bb%d0%be%d0%b3-%d0%be-%d0%bf%d0%bb%d0%b8%d1%82%d0%ba%d0%b5\/\" \/>\n<meta property=\"og:locale\" content=\"ru_RU\" \/>\n<meta property=\"og:type\" content=\"article\" \/>\n<meta property=\"og:title\" content=\"\u0411\u043b\u043e\u0433 \u043e \u043f\u043b\u0438\u0442\u043a\u0435\" \/>\n<meta property=\"og:description\" content=\"\u0411\u043b\u043e\u0433 \u043e \u043f\u043b\u0438\u0442\u043a\u0435.\" \/>\n<meta property=\"og:url\" content=\"https:\/\/plaatimine24.ee\/ru\/%d0%b1%d0%bb%d0%be%d0%b3-%d0%be-%d0%bf%d0%bb%d0%b8%d1%82%d0%ba%d0%b5\/\" \/>\n<meta property=\"og:site_name\" content=\"Plaatimine24.ee\" \/>\n<meta property=\"article:modified_time\" content=\"2025-08-23T19:48:30+00:00\" \/>\n<meta property=\"og:image\" content=\"https:\/\/plaatimine24.ee\/wp-content\/uploads\/2025\/08\/plaatimine.webp\" \/>\n\t<meta property=\"og:image:width\" content=\"1920\" \/>\n\t<meta property=\"og:image:height\" content=\"1280\" \/>\n\t<meta property=\"og:image:type\" content=\"image\/webp\" \/>\n<meta name=\"twitter:card\" content=\"summary_large_image\" \/>\n<meta name=\"twitter:label1\" content=\"\u041f\u0440\u0438\u043c\u0435\u0440\u043d\u043e\u0435 \u0432\u0440\u0435\u043c\u044f \u0434\u043b\u044f \u0447\u0442\u0435\u043d\u0438\u044f\" \/>\n\t<meta name=\"twitter:data1\" content=\"1 \u043c\u0438\u043d\u0443\u0442\u0430\" \/>\n<script type=\"application\/ld+json\" class=\"yoast-schema-graph\">{\"@context\":\"https:\\\/\\\/schema.org\",\"@graph\":[{\"@type\":\"WebPage\",\"@id\":\"https:\\\/\\\/plaatimine24.ee\\\/ru\\\/%d0%b1%d0%bb%d0%be%d0%b3-%d0%be-%d0%bf%d0%bb%d0%b8%d1%82%d0%ba%d0%b5\\\/\",\"url\":\"https:\\\/\\\/plaatimine24.ee\\\/ru\\\/%d0%b1%d0%bb%d0%be%d0%b3-%d0%be-%d0%bf%d0%bb%d0%b8%d1%82%d0%ba%d0%b5\\\/\",\"name\":\"\u0411\u043b\u043e\u0433 \u043e \u043f\u043b\u0438\u0442\u043a\u0435 - Plaatimine24.ee\",\"isPartOf\":{\"@id\":\"https:\\\/\\\/plaatimine24.ee\\\/ru\\\/#website\"},\"primaryImageOfPage\":{\"@id\":\"https:\\\/\\\/plaatimine24.ee\\\/ru\\\/%d0%b1%d0%bb%d0%be%d0%b3-%d0%be-%d0%bf%d0%bb%d0%b8%d1%82%d0%ba%d0%b5\\\/#primaryimage\"},\"image\":{\"@id\":\"https:\\\/\\\/plaatimine24.ee\\\/ru\\\/%d0%b1%d0%bb%d0%be%d0%b3-%d0%be-%d0%bf%d0%bb%d0%b8%d1%82%d0%ba%d0%b5\\\/#primaryimage\"},\"thumbnailUrl\":\"https:\\\/\\\/plaatimine24.ee\\\/wp-content\\\/uploads\\\/2025\\\/08\\\/plaatimine.webp\",\"datePublished\":\"2025-08-23T19:45:48+00:00\",\"dateModified\":\"2025-08-23T19:48:30+00:00\",\"description\":\"\u0411\u043b\u043e\u0433 \u043e \u043f\u043b\u0438\u0442\u043a\u0435.\",\"breadcrumb\":{\"@id\":\"https:\\\/\\\/plaatimine24.ee\\\/ru\\\/%d0%b1%d0%bb%d0%be%d0%b3-%d0%be-%d0%bf%d0%bb%d0%b8%d1%82%d0%ba%d0%b5\\\/#breadcrumb\"},\"inLanguage\":\"ru-RU\",\"potentialAction\":[{\"@type\":\"ReadAction\",\"target\":[\"https:\\\/\\\/plaatimine24.ee\\\/ru\\\/%d0%b1%d0%bb%d0%be%d0%b3-%d0%be-%d0%bf%d0%bb%d0%b8%d1%82%d0%ba%d0%b5\\\/\"]}]},{\"@type\":\"ImageObject\",\"inLanguage\":\"ru-RU\",\"@id\":\"https:\\\/\\\/plaatimine24.ee\\\/ru\\\/%d0%b1%d0%bb%d0%be%d0%b3-%d0%be-%d0%bf%d0%bb%d0%b8%d1%82%d0%ba%d0%b5\\\/#primaryimage\",\"url\":\"https:\\\/\\\/plaatimine24.ee\\\/wp-content\\\/uploads\\\/2025\\\/08\\\/plaatimine.webp\",\"contentUrl\":\"https:\\\/\\\/plaatimine24.ee\\\/wp-content\\\/uploads\\\/2025\\\/08\\\/plaatimine.webp\",\"width\":1920,\"height\":1280,\"caption\":\"plaatimine\"},{\"@type\":\"BreadcrumbList\",\"@id\":\"https:\\\/\\\/plaatimine24.ee\\\/ru\\\/%d0%b1%d0%bb%d0%be%d0%b3-%d0%be-%d0%bf%d0%bb%d0%b8%d1%82%d0%ba%d0%b5\\\/#breadcrumb\",\"itemListElement\":[{\"@type\":\"ListItem\",\"position\":1,\"name\":\"Home\",\"item\":\"https:\\\/\\\/plaatimine24.ee\\\/ru\\\/\"},{\"@type\":\"ListItem\",\"position\":2,\"name\":\"\u0411\u043b\u043e\u0433 \u043e \u043f\u043b\u0438\u0442\u043a\u0435\"}]},{\"@type\":\"WebSite\",\"@id\":\"https:\\\/\\\/plaatimine24.ee\\\/ru\\\/#website\",\"url\":\"https:\\\/\\\/plaatimine24.ee\\\/ru\\\/\",\"name\":\"Plaadit\u00f6\u00f6d garantiiga\",\"description\":\"\u0423\u0441\u043b\u0443\u0433\u0438 \u043f\u043e \u0443\u043a\u043b\u0430\u0434\u043a\u0435 \u043f\u043b\u0438\u0442\u043a\u0438 \u0438 \u0440\u0435\u043c\u043e\u043d\u0442\u0443\",\"publisher\":{\"@id\":\"https:\\\/\\\/plaatimine24.ee\\\/ru\\\/#organization\"},\"inLanguage\":\"ru-RU\"},{\"@type\":[\"Organization\",\"Place\"],\"@id\":\"https:\\\/\\\/plaatimine24.ee\\\/ru\\\/#organization\",\"name\":\"Plaatimine24\",\"alternateName\":\"Plaadit\u00f6\u00f6d\",\"url\":\"https:\\\/\\\/plaatimine24.ee\\\/ru\\\/\",\"logo\":{\"@id\":\"https:\\\/\\\/plaatimine24.ee\\\/ru\\\/%d0%b1%d0%bb%d0%be%d0%b3-%d0%be-%d0%bf%d0%bb%d0%b8%d1%82%d0%ba%d0%b5\\\/#local-main-organization-logo\"},\"image\":{\"@id\":\"https:\\\/\\\/plaatimine24.ee\\\/ru\\\/%d0%b1%d0%bb%d0%be%d0%b3-%d0%be-%d0%bf%d0%bb%d0%b8%d1%82%d0%ba%d0%b5\\\/#local-main-organization-logo\"},\"description\":\"Kvaliteetsed plaatimist\u00f6\u00f6d.\",\"legalName\":\"Profy O\u00dc\",\"foundingDate\":\"2004-02-22\",\"numberOfEmployees\":{\"@type\":\"QuantitativeValue\",\"minValue\":\"1\",\"maxValue\":\"10\"},\"address\":{\"@id\":\"https:\\\/\\\/plaatimine24.ee\\\/ru\\\/%d0%b1%d0%bb%d0%be%d0%b3-%d0%be-%d0%bf%d0%bb%d0%b8%d1%82%d0%ba%d0%b5\\\/#local-main-place-address\"},\"geo\":{\"@type\":\"GeoCoordinates\",\"latitude\":\"59.43061\",\"longitude\":\"24.736752\"},\"telephone\":[\"+37258303800\"],\"contactPoint\":{\"@type\":\"ContactPoint\",\"telephone\":\"+37258303800\",\"email\":\"info@plaatimine24.ee\"},\"openingHoursSpecification\":[{\"@type\":\"OpeningHoursSpecification\",\"dayOfWeek\":[\"Monday\",\"Tuesday\",\"Wednesday\",\"Thursday\",\"Friday\",\"Saturday\",\"Sunday\"],\"opens\":\"09:00\",\"closes\":\"17:00\"}],\"email\":\"info@plaatimine24.ee\",\"areaServed\":\"Tallinn\",\"taxID\":\"EE101718482\"},{\"@type\":\"PostalAddress\",\"@id\":\"https:\\\/\\\/plaatimine24.ee\\\/ru\\\/%d0%b1%d0%bb%d0%be%d0%b3-%d0%be-%d0%bf%d0%bb%d0%b8%d1%82%d0%ba%d0%b5\\\/#local-main-place-address\",\"streetAddress\":\"Endla 4\",\"addressLocality\":\"Tallinn\",\"postalCode\":\"10142\",\"addressRegion\":\"Harjumaa\",\"addressCountry\":\"EE\"},{\"@type\":\"ImageObject\",\"inLanguage\":\"ru-RU\",\"@id\":\"https:\\\/\\\/plaatimine24.ee\\\/ru\\\/%d0%b1%d0%bb%d0%be%d0%b3-%d0%be-%d0%bf%d0%bb%d0%b8%d1%82%d0%ba%d0%b5\\\/#local-main-organization-logo\",\"url\":\"https:\\\/\\\/plaatimine24.ee\\\/wp-content\\\/uploads\\\/2025\\\/06\\\/Plaatimine24-Logo8.png\",\"contentUrl\":\"https:\\\/\\\/plaatimine24.ee\\\/wp-content\\\/uploads\\\/2025\\\/06\\\/Plaatimine24-Logo8.png\",\"width\":453,\"height\":154,\"caption\":\"Plaatimine24\"}]}<\/script>\n<meta name=\"geo.placename\" content=\"Tallinn\" \/>\n<meta name=\"geo.position\" content=\"59.43061;24.736752\" \/>\n<meta name=\"geo.region\" content=\"\u042d\u0441\u0442\u043e\u043d\u0438\u044f\" \/>\n<!-- \/ Yoast SEO Premium plugin. -->","yoast_head_json":{"title":"\u0411\u043b\u043e\u0433 \u043e \u043f\u043b\u0438\u0442\u043a\u0435 - Plaatimine24.ee","description":"\u0411\u043b\u043e\u0433 \u043e \u043f\u043b\u0438\u0442\u043a\u0435.","robots":{"index":"index","follow":"follow","max-snippet":"max-snippet:-1","max-image-preview":"max-image-preview:large","max-video-preview":"max-video-preview:-1"},"canonical":"https:\/\/plaatimine24.ee\/ru\/%d0%b1%d0%bb%d0%be%d0%b3-%d0%be-%d0%bf%d0%bb%d0%b8%d1%82%d0%ba%d0%b5\/","og_locale":"ru_RU","og_type":"article","og_title":"\u0411\u043b\u043e\u0433 \u043e \u043f\u043b\u0438\u0442\u043a\u0435","og_description":"\u0411\u043b\u043e\u0433 \u043e \u043f\u043b\u0438\u0442\u043a\u0435.","og_url":"https:\/\/plaatimine24.ee\/ru\/%d0%b1%d0%bb%d0%be%d0%b3-%d0%be-%d0%bf%d0%bb%d0%b8%d1%82%d0%ba%d0%b5\/","og_site_name":"Plaatimine24.ee","article_modified_time":"2025-08-23T19:48:30+00:00","og_image":[{"width":1920,"height":1280,"url":"https:\/\/plaatimine24.ee\/wp-content\/uploads\/2025\/08\/plaatimine.webp","type":"image\/webp"}],"twitter_card":"summary_large_image","twitter_misc":{"\u041f\u0440\u0438\u043c\u0435\u0440\u043d\u043e\u0435 \u0432\u0440\u0435\u043c\u044f \u0434\u043b\u044f \u0447\u0442\u0435\u043d\u0438\u044f":"1 \u043c\u0438\u043d\u0443\u0442\u0430"},"schema":{"@context":"https:\/\/schema.org","@graph":[{"@type":"WebPage","@id":"https:\/\/plaatimine24.ee\/ru\/%d0%b1%d0%bb%d0%be%d0%b3-%d0%be-%d0%bf%d0%bb%d0%b8%d1%82%d0%ba%d0%b5\/","url":"https:\/\/plaatimine24.ee\/ru\/%d0%b1%d0%bb%d0%be%d0%b3-%d0%be-%d0%bf%d0%bb%d0%b8%d1%82%d0%ba%d0%b5\/","name":"\u0411\u043b\u043e\u0433 \u043e \u043f\u043b\u0438\u0442\u043a\u0435 - Plaatimine24.ee","isPartOf":{"@id":"https:\/\/plaatimine24.ee\/ru\/#website"},"primaryImageOfPage":{"@id":"https:\/\/plaatimine24.ee\/ru\/%d0%b1%d0%bb%d0%be%d0%b3-%d0%be-%d0%bf%d0%bb%d0%b8%d1%82%d0%ba%d0%b5\/#primaryimage"},"image":{"@id":"https:\/\/plaatimine24.ee\/ru\/%d0%b1%d0%bb%d0%be%d0%b3-%d0%be-%d0%bf%d0%bb%d0%b8%d1%82%d0%ba%d0%b5\/#primaryimage"},"thumbnailUrl":"https:\/\/plaatimine24.ee\/wp-content\/uploads\/2025\/08\/plaatimine.webp","datePublished":"2025-08-23T19:45:48+00:00","dateModified":"2025-08-23T19:48:30+00:00","description":"\u0411\u043b\u043e\u0433 \u043e \u043f\u043b\u0438\u0442\u043a\u0435.","breadcrumb":{"@id":"https:\/\/plaatimine24.ee\/ru\/%d0%b1%d0%bb%d0%be%d0%b3-%d0%be-%d0%bf%d0%bb%d0%b8%d1%82%d0%ba%d0%b5\/#breadcrumb"},"inLanguage":"ru-RU","potentialAction":[{"@type":"ReadAction","target":["https:\/\/plaatimine24.ee\/ru\/%d0%b1%d0%bb%d0%be%d0%b3-%d0%be-%d0%bf%d0%bb%d0%b8%d1%82%d0%ba%d0%b5\/"]}]},{"@type":"ImageObject","inLanguage":"ru-RU","@id":"https:\/\/plaatimine24.ee\/ru\/%d0%b1%d0%bb%d0%be%d0%b3-%d0%be-%d0%bf%d0%bb%d0%b8%d1%82%d0%ba%d0%b5\/#primaryimage","url":"https:\/\/plaatimine24.ee\/wp-content\/uploads\/2025\/08\/plaatimine.webp","contentUrl":"https:\/\/plaatimine24.ee\/wp-content\/uploads\/2025\/08\/plaatimine.webp","width":1920,"height":1280,"caption":"plaatimine"},{"@type":"BreadcrumbList","@id":"https:\/\/plaatimine24.ee\/ru\/%d0%b1%d0%bb%d0%be%d0%b3-%d0%be-%d0%bf%d0%bb%d0%b8%d1%82%d0%ba%d0%b5\/#breadcrumb","itemListElement":[{"@type":"ListItem","position":1,"name":"Home","item":"https:\/\/plaatimine24.ee\/ru\/"},{"@type":"ListItem","position":2,"name":"\u0411\u043b\u043e\u0433 \u043e \u043f\u043b\u0438\u0442\u043a\u0435"}]},{"@type":"WebSite","@id":"https:\/\/plaatimine24.ee\/ru\/#website","url":"https:\/\/plaatimine24.ee\/ru\/","name":"Plaadit\u00f6\u00f6d garantiiga","description":"\u0423\u0441\u043b\u0443\u0433\u0438 \u043f\u043e \u0443\u043a\u043b\u0430\u0434\u043a\u0435 \u043f\u043b\u0438\u0442\u043a\u0438 \u0438 \u0440\u0435\u043c\u043e\u043d\u0442\u0443","publisher":{"@id":"https:\/\/plaatimine24.ee\/ru\/#organization"},"inLanguage":"ru-RU"},{"@type":["Organization","Place"],"@id":"https:\/\/plaatimine24.ee\/ru\/#organization","name":"Plaatimine24","alternateName":"Plaadit\u00f6\u00f6d","url":"https:\/\/plaatimine24.ee\/ru\/","logo":{"@id":"https:\/\/plaatimine24.ee\/ru\/%d0%b1%d0%bb%d0%be%d0%b3-%d0%be-%d0%bf%d0%bb%d0%b8%d1%82%d0%ba%d0%b5\/#local-main-organization-logo"},"image":{"@id":"https:\/\/plaatimine24.ee\/ru\/%d0%b1%d0%bb%d0%be%d0%b3-%d0%be-%d0%bf%d0%bb%d0%b8%d1%82%d0%ba%d0%b5\/#local-main-organization-logo"},"description":"Kvaliteetsed plaatimist\u00f6\u00f6d.","legalName":"Profy O\u00dc","foundingDate":"2004-02-22","numberOfEmployees":{"@type":"QuantitativeValue","minValue":"1","maxValue":"10"},"address":{"@id":"https:\/\/plaatimine24.ee\/ru\/%d0%b1%d0%bb%d0%be%d0%b3-%d0%be-%d0%bf%d0%bb%d0%b8%d1%82%d0%ba%d0%b5\/#local-main-place-address"},"geo":{"@type":"GeoCoordinates","latitude":"59.43061","longitude":"24.736752"},"telephone":["+37258303800"],"contactPoint":{"@type":"ContactPoint","telephone":"+37258303800","email":"info@plaatimine24.ee"},"openingHoursSpecification":[{"@type":"OpeningHoursSpecification","dayOfWeek":["Monday","Tuesday","Wednesday","Thursday","Friday","Saturday","Sunday"],"opens":"09:00","closes":"17:00"}],"email":"info@plaatimine24.ee","areaServed":"Tallinn","taxID":"EE101718482"},{"@type":"PostalAddress","@id":"https:\/\/plaatimine24.ee\/ru\/%d0%b1%d0%bb%d0%be%d0%b3-%d0%be-%d0%bf%d0%bb%d0%b8%d1%82%d0%ba%d0%b5\/#local-main-place-address","streetAddress":"Endla 4","addressLocality":"Tallinn","postalCode":"10142","addressRegion":"Harjumaa","addressCountry":"EE"},{"@type":"ImageObject","inLanguage":"ru-RU","@id":"https:\/\/plaatimine24.ee\/ru\/%d0%b1%d0%bb%d0%be%d0%b3-%d0%be-%d0%bf%d0%bb%d0%b8%d1%82%d0%ba%d0%b5\/#local-main-organization-logo","url":"https:\/\/plaatimine24.ee\/wp-content\/uploads\/2025\/06\/Plaatimine24-Logo8.png","contentUrl":"https:\/\/plaatimine24.ee\/wp-content\/uploads\/2025\/06\/Plaatimine24-Logo8.png","width":453,"height":154,"caption":"Plaatimine24"}]},"geo.placename":"Tallinn","geo.position":{"lat":"59.43061","long":"24.736752"},"geo.region":"\u042d\u0441\u0442\u043e\u043d\u0438\u044f"},"_links":{"self":[{"href":"https:\/\/plaatimine24.ee\/ru\/wp-json\/wp\/v2\/pages\/2412","targetHints":{"allow":["GET"]}}],"collection":[{"href":"https:\/\/plaatimine24.ee\/ru\/wp-json\/wp\/v2\/pages"}],"about":[{"href":"https:\/\/plaatimine24.ee\/ru\/wp-json\/wp\/v2\/types\/page"}],"author":[{"embeddable":true,"href":"https:\/\/plaatimine24.ee\/ru\/wp-json\/wp\/v2\/users\/2"}],"replies":[{"embeddable":true,"href":"https:\/\/plaatimine24.ee\/ru\/wp-json\/wp\/v2\/comments?post=2412"}],"version-history":[{"count":0,"href":"https:\/\/plaatimine24.ee\/ru\/wp-json\/wp\/v2\/pages\/2412\/revisions"}],"wp:featuredmedia":[{"embeddable":true,"href":"https:\/\/plaatimine24.ee\/ru\/wp-json\/wp\/v2\/media\/2402"}],"wp:attachment":[{"href":"https:\/\/plaatimine24.ee\/ru\/wp-json\/wp\/v2\/media?parent=2412"}],"curies":[{"name":"wp","href":"https:\/\/api.w.org\/{rel}","templated":true}]}}