{"id":1975,"date":"2025-06-13T12:53:39","date_gmt":"2025-06-13T12:53:39","guid":{"rendered":"https:\/\/plaatimine24.ee\/?page_id=1975"},"modified":"2025-06-18T13:58:15","modified_gmt":"2025-06-18T10:58:15","slug":"%d0%be-%d0%bd%d0%b0%d1%81","status":"publish","type":"page","link":"https:\/\/plaatimine24.ee\/ru\/%d0%be-%d0%bd%d0%b0%d1%81\/","title":{"rendered":"\u041e \u043d\u0430\u0441"},"content":{"rendered":"<p><div class=\"fusion-fullwidth fullwidth-box fusion-builder-row-1 fusion-flex-container nonhundred-percent-fullwidth non-hundred-percent-height-scrolling\" style=\"--awb-border-radius-top-left:0px;--awb-border-radius-top-right:0px;--awb-border-radius-bottom-right:0px;--awb-border-radius-bottom-left:0px;--awb-flex-wrap:wrap;\" ><div class=\"fusion-builder-row fusion-row fusion-flex-align-items-flex-start fusion-flex-content-wrap\" style=\"max-width:1216.8px;margin-left: calc(-4% \/ 2 );margin-right: calc(-4% \/ 2 );\"><div class=\"fusion-layout-column fusion_builder_column fusion-builder-column-0 fusion_builder_column_1_1 1_1 fusion-flex-column\" style=\"--awb-bg-size:cover;--awb-width-large:100%;--awb-margin-top-large:0px;--awb-spacing-right-large:1.92%;--awb-margin-bottom-large:0px;--awb-spacing-left-large:1.92%;--awb-width-medium:100%;--awb-spacing-right-medium:1.92%;--awb-spacing-left-medium:1.92%;--awb-width-small:100%;--awb-spacing-right-small:1.92%;--awb-spacing-left-small:1.92%;\"><div class=\"fusion-column-wrapper fusion-flex-justify-content-flex-start fusion-content-layout-column\"><div class=\"fusion-text fusion-text-1\"><p class=\"ai-optimize-7\">\n<\/div><\/div><\/div><\/div><\/div><div class=\"fusion-fullwidth fullwidth-box fusion-builder-row-2 fusion-flex-container has-pattern-background has-mask-background nonhundred-percent-fullwidth non-hundred-percent-height-scrolling\" style=\"--awb-border-radius-top-left:0px;--awb-border-radius-top-right:0px;--awb-border-radius-bottom-right:0px;--awb-border-radius-bottom-left:0px;--awb-flex-wrap:wrap;\" ><div class=\"fusion-builder-row fusion-row fusion-flex-align-items-flex-start fusion-flex-content-wrap\" style=\"max-width:1216.8px;margin-left: calc(-4% \/ 2 );margin-right: calc(-4% \/ 2 );\"><div class=\"fusion-layout-column fusion_builder_column fusion-builder-column-1 fusion_builder_column_2_3 2_3 fusion-flex-column\" style=\"--awb-bg-size:cover;--awb-width-large:66.666666666667%;--awb-margin-top-large:0px;--awb-spacing-right-large:2.88%;--awb-margin-bottom-large:0px;--awb-spacing-left-large:2.88%;--awb-width-medium:100%;--awb-order-medium:0;--awb-spacing-right-medium:1.92%;--awb-spacing-left-medium:1.92%;--awb-width-small:100%;--awb-order-small:0;--awb-spacing-right-small:1.92%;--awb-spacing-left-small:1.92%;\"><div class=\"fusion-column-wrapper fusion-column-has-shadow fusion-flex-justify-content-flex-start fusion-content-layout-column\"><div class=\"fusion-text fusion-text-2\" style=\"--awb-text-color:#111111;\"><p>\u00a0 \u00a0 \u041c\u044b \u0437\u043d\u0430\u0435\u043c \u0441\u0435\u043a\u0440\u0435\u0442 \u043e\u0442\u0434\u0435\u043b\u043a\u0438 \u0432\u0430\u0448\u0435\u0439 \u043d\u043e\u0432\u043e\u0439 \u0432\u0430\u043d\u043d\u043e\u0439 \u043a\u043e\u043c\u043d\u0430\u0442\u044b.<br \/>\n\u0421\u0442\u0440\u043e\u0438\u0442\u0435\u043b\u044c\u0441\u0442\u0432\u043e, \u0440\u0435\u043a\u043e\u043d\u0441\u0442\u0440\u0443\u043a\u0446\u0438\u044f \u0438 \u0440\u0435\u043c\u043e\u043d\u0442 \u0432\u0430\u043d\u043d\u044b\u0445 \u043a\u043e\u043c\u043d\u0430\u0442 \u2014 \u044d\u0442\u043e \u043d\u0430\u0448\u0435 \u043c\u0430\u0441\u0442\u0435\u0440\u0441\u0442\u0432\u043e \u0438 \u0441\u0442\u0440\u0430\u0441\u0442\u044c \u0431\u043e\u043b\u0435\u0435 10 \u043b\u0435\u0442.<\/p>\n<p>\u041c\u044b \u0441\u043f\u0435\u0446\u0438\u0430\u043b\u0438\u0437\u0438\u0440\u0443\u0435\u043c\u0441\u044f \u043d\u0430 \u0441\u0442\u0440\u043e\u0438\u0442\u0435\u043b\u044c\u0441\u0442\u0432\u0435, \u0440\u0435\u043a\u043e\u043d\u0441\u0442\u0440\u0443\u043a\u0446\u0438\u0438 \u0438 \u0440\u0435\u043c\u043e\u043d\u0442\u0435 \u0432\u0430\u043d\u043d\u044b\u0445 \u043a\u043e\u043c\u043d\u0430\u0442 \u0438 \u043f\u0440\u0435\u0434\u043b\u0430\u0433\u0430\u0435\u043c 100% \u043f\u043e\u043b\u043d\u044b\u0439 \u0441\u043f\u0435\u043a\u0442\u0440 \u0443\u0441\u043b\u0443\u0433. \u0423 \u043d\u0430\u0441 \u0431\u043e\u043b\u044c\u0448\u043e\u0439 \u043e\u043f\u044b\u0442 \u043f\u043e \u0440\u0435\u043c\u043e\u043d\u0442\u0443 \u0432\u043b\u0430\u0436\u043d\u044b\u0445 \u043f\u043e\u043c\u0435\u0449\u0435\u043d\u0438\u0439 \u0438 \u0437\u0430\u0449\u0438\u0442\u044b \u043e\u0442 \u0430\u0442\u043c\u043e\u0441\u0444\u0435\u0440\u043d\u044b\u0445 \u0432\u043e\u0437\u0434\u0435\u0439\u0441\u0442\u0432\u0438\u0439.<\/p>\n<p>\u0423 \u043d\u0430\u0441 \u0432\u044b \u043c\u043e\u0436\u0435\u0442\u0435 \u0437\u0430\u043a\u0430\u0437\u0430\u0442\u044c \u043a\u043e\u043c\u043f\u043b\u0435\u043a\u0441\u043d\u044b\u0439 \u0440\u0435\u043c\u043e\u043d\u0442 \u0432\u0430\u043d\u043d\u043e\u0439 \u043a\u043e\u043c\u043d\u0430\u0442\u044b. \u041c\u044b \u043f\u0440\u043e\u043a\u043e\u043d\u0441\u0443\u043b\u044c\u0442\u0438\u0440\u0443\u0435\u043c \u0432\u0430\u0441 \u043f\u043e \u043f\u043b\u0430\u043d\u0438\u0440\u043e\u0432\u043a\u0435 \u043f\u043e\u043c\u0435\u0449\u0435\u043d\u0438\u044f, \u0432\u044b\u0431\u043e\u0440\u0443 \u043f\u043b\u0438\u0442\u043a\u0438 \u0438 \u0435\u0435 \u044d\u043a\u043e\u043d\u043e\u043c\u0438\u0447\u043d\u043e\u0439 \u0443\u043a\u043b\u0430\u0434\u043a\u0435. \u041d\u0430\u0448 \u043c\u043d\u043e\u0433\u043e\u043b\u0435\u0442\u043d\u0438\u0439 \u043e\u043f\u044b\u0442 \u0432 \u0443\u043a\u043b\u0430\u0434\u043a\u0435 \u043f\u043b\u0438\u0442\u043a\u0438 \u0433\u0430\u0440\u0430\u043d\u0442\u0438\u0440\u0443\u0435\u0442 \u043f\u0440\u0430\u0432\u0438\u043b\u044c\u043d\u0443\u044e \u0433\u0438\u0434\u0440\u043e\u0438\u0437\u043e\u043b\u044f\u0446\u0438\u044e \u0438 \u0438\u0441\u043f\u043e\u043b\u044c\u0437\u043e\u0432\u0430\u043d\u0438\u0435 \u0441\u043c\u0435\u0441\u0435\u0439. \u041d\u0430\u0448\u0438 \u043f\u043b\u0438\u0442\u043e\u0447\u043d\u044b\u0435 \u043f\u043e\u0432\u0435\u0440\u0445\u043d\u043e\u0441\u0442\u0438 \u0441\u043b\u0443\u0436\u0430\u0442 \u0434\u043e\u043b\u0433\u043e, \u043f\u043e\u043b\u044b \u0438\u043c\u0435\u044e\u0442 \u043f\u0440\u0430\u0432\u0438\u043b\u044c\u043d\u044b\u0439 \u0443\u043a\u043b\u043e\u043d, \u0430 \u0431\u043b\u0430\u0433\u043e\u0434\u0430\u0440\u044f \u043f\u0440\u0430\u0432\u0438\u043b\u044c\u043d\u043e\u0439 \u043e\u0431\u0440\u0430\u0431\u043e\u0442\u043a\u0435 \u043e\u0441\u043d\u043e\u0432\u0430\u043d\u0438\u0439, \u043f\u043b\u0438\u0442\u043a\u0430 \u043d\u0435 \u043e\u0442\u0432\u0430\u043b\u0438\u0442\u0441\u044f \u0441\u043e \u0432\u0440\u0435\u043c\u0435\u043d\u0435\u043c.<\/p>\n<p>\u0423 \u043d\u0430\u0441 \u0432\u044b \u043c\u043e\u0436\u0435\u0442\u0435 \u0437\u0430\u043a\u0430\u0437\u0430\u0442\u044c \u043f\u043b\u0438\u0442\u043e\u0447\u043d\u044b\u0435 \u0440\u0430\u0431\u043e\u0442\u044b, \u0434\u043b\u044f \u043a\u043e\u0442\u043e\u0440\u044b\u0445 \u0442\u0438\u043f\u0438\u0447\u043d\u044b\u0439 \u043f\u043b\u0438\u0442\u043e\u0447\u043d\u0438\u043a \u043d\u0435 \u043e\u0431\u043b\u0430\u0434\u0430\u0435\u0442 \u043d\u0430\u0432\u044b\u043a\u0430\u043c\u0438: \u0443\u043a\u043b\u0430\u0434\u043a\u0430 \u043f\u043b\u0438\u0442\u043a\u0438 \u0431\u043e\u043b\u044c\u0448\u0438\u0445 \u0440\u0430\u0437\u043c\u0435\u0440\u043e\u0432 \u0438\u043b\u0438 \u0441\u043f\u0435\u0446\u0438\u0430\u043b\u044c\u043d\u043e\u0439 \u0444\u043e\u0440\u043c\u044b, \u0443\u043a\u043b\u0430\u0434\u043a\u0430 \u043c\u043e\u0437\u0430\u0438\u043a\u0438 \u0438\u043b\u0438 \u043f\u043e\u0434\u0433\u043e\u0442\u043e\u0432\u043a\u0430 \u043f\u043e\u043c\u0435\u0449\u0435\u043d\u0438\u0439 \u0441 \u043e\u0441\u043e\u0431\u043e \u0432\u044b\u0441\u043e\u043a\u0438\u043c\u0438 \u0442\u0440\u0435\u0431\u043e\u0432\u0430\u043d\u0438\u044f\u043c\u0438 \u043a \u0433\u0438\u0434\u0440\u043e\u0438\u0437\u043e\u043b\u044f\u0446\u0438\u0438 \u0434\u043b\u044f \u0443\u043a\u043b\u0430\u0434\u043a\u0438 \u043f\u043b\u0438\u0442\u043a\u0438 \u0438 \u0442. \u0434. \u042d\u0442\u0438 \u0440\u0430\u0431\u043e\u0442\u044b \u0442\u0440\u0435\u0431\u0443\u044e\u0442 \u043e\u043f\u044b\u0442\u0430 \u0438 \u043d\u0430\u0432\u044b\u043a\u043e\u0432, \u0443\u043c\u0435\u043b\u044b\u0445 \u0440\u0443\u043a \u0438 \u043c\u043e\u0433\u0443\u0442 \u0431\u044b\u0442\u044c \u0432\u044b\u043f\u043e\u043b\u043d\u0435\u043d\u044b \u0443\u0441\u043f\u0435\u0448\u043d\u043e \u0442\u043e\u043b\u044c\u043a\u043e \u043f\u0440\u0438 \u0441\u043e\u0431\u043b\u044e\u0434\u0435\u043d\u0438\u0438 \u043e\u043f\u0440\u0435\u0434\u0435\u043b\u0435\u043d\u043d\u044b\u0445 \u043f\u0440\u0430\u0432\u0438\u043b \u0438 \u0438\u0441\u043f\u043e\u043b\u044c\u0437\u043e\u0432\u0430\u043d\u0438\u0438 \u043f\u0440\u0430\u0432\u0438\u043b\u044c\u043d\u044b\u0445 \u043c\u0435\u0442\u043e\u0434\u043e\u0432 \u0440\u0430\u0431\u043e\u0442\u044b.<\/p>\n<p>\u041d\u0430\u0448\u0438 \u043c\u0430\u0441\u0442\u0435\u0440\u0430 \u043f\u043e \u0443\u043a\u043b\u0430\u0434\u043a\u0435 \u043f\u043b\u0438\u0442\u043a\u0438 Plaatimine24 \u043e\u0442\u0431\u0438\u0440\u0430\u043b\u0438\u0441\u044c \u0433\u043e\u0434\u0430\u043c\u0438, \u0438\u043c\u0435\u044e\u0442 \u043c\u043d\u043e\u0433\u043e\u043b\u0435\u0442\u043d\u0438\u0439 \u043e\u043f\u044b\u0442 \u0438 \u0432\u044b\u043f\u043e\u043b\u043d\u044f\u044e\u0442 \u0440\u0430\u0431\u043e\u0442\u0443 \u0432\u044b\u0441\u043e\u043a\u043e\u0433\u043e \u043a\u0430\u0447\u0435\u0441\u0442\u0432\u0430. \u041c\u044b \u043e\u0442\u043e\u0431\u0440\u0430\u043b\u0438 \u0438 \u043d\u0430\u043d\u044f\u043b\u0438 \u0442\u043e\u043b\u044c\u043a\u043e \u0432\u044b\u0441\u043e\u043a\u043e\u043a\u0432\u0430\u043b\u0438\u0444\u0438\u0446\u0438\u0440\u043e\u0432\u0430\u043d\u043d\u044b\u0445 \u0441\u043e\u0442\u0440\u0443\u0434\u043d\u0438\u043a\u043e\u0432: \u043f\u043b\u0438\u0442\u043e\u0447\u043d\u0438\u043a\u0438, \u0441\u0430\u043d\u0442\u0435\u0445\u043d\u0438\u043a\u0438, \u044d\u043b\u0435\u043a\u0442\u0440\u0438\u043a\u0438, \u0433\u0438\u043f\u0441\u043e\u043a\u0430\u0440\u0442\u043e\u043d\u0449\u0438\u043a\u0438, \u043c\u0430\u043b\u044f\u0440\u044b. \u0422\u0430\u043a\u0436\u0435 \u0432\u0430\u0436\u043d\u0430 \u0441\u043f\u043e\u0441\u043e\u0431\u043d\u043e\u0441\u0442\u044c \u043e\u0431\u0449\u0430\u0442\u044c\u0441\u044f \u0438 \u0432\u044b\u043f\u043e\u043b\u043d\u044f\u0442\u044c \u043e\u0441\u043e\u0431\u044b\u0435 \u043f\u043e\u0436\u0435\u043b\u0430\u043d\u0438\u044f \u043a\u043b\u0438\u0435\u043d\u0442\u043e\u0432. \u0417\u0432\u043e\u043d\u0438\u0442\u0435 \u0438\u043b\u0438 \u043f\u0438\u0448\u0438\u0442\u0435 \u043d\u0430\u043c \u0434\u043b\u044f \u0411\u0435\u0441\u043f\u043b\u0430\u0442\u043d\u043e\u0439 \u043a\u043e\u043d\u0441\u0443\u043b\u044c\u0442\u0430\u0446\u0438\u0438 \u0438 \u0432\u044b\u0435\u0437\u0434\u0430 \u043a \u0412\u0430\u043c!<\/p>\n<\/div><\/div><\/div><div class=\"fusion-layout-column fusion_builder_column fusion-builder-column-2 fusion_builder_column_1_3 1_3 fusion-flex-column\" style=\"--awb-bg-size:cover;--awb-width-large:33.333333333333%;--awb-margin-top-large:0px;--awb-spacing-right-large:5.76%;--awb-margin-bottom-large:0px;--awb-spacing-left-large:5.76%;--awb-width-medium:100%;--awb-order-medium:0;--awb-spacing-right-medium:1.92%;--awb-spacing-left-medium:1.92%;--awb-width-small:100%;--awb-order-small:0;--awb-spacing-right-small:1.92%;--awb-spacing-left-small:1.92%;\"><div class=\"fusion-column-wrapper fusion-column-has-shadow fusion-flex-justify-content-flex-start fusion-content-layout-column\"><div class=\"fusion-image-element \" style=\"--awb-caption-title-font-family:var(--h2_typography-font-family);--awb-caption-title-font-weight:var(--h2_typography-font-weight);--awb-caption-title-font-style:var(--h2_typography-font-style);--awb-caption-title-size:var(--h2_typography-font-size);--awb-caption-title-transform:var(--h2_typography-text-transform);--awb-caption-title-line-height:var(--h2_typography-line-height);--awb-caption-title-letter-spacing:var(--h2_typography-letter-spacing);\"><span class=\" fusion-imageframe imageframe-none imageframe-1 hover-type-none\"><img decoding=\"async\" width=\"300\" height=\"200\" alt=\"Tiling works\" title=\"Tiling works\" src=\"https:\/\/plaatimine24.ee\/wp-content\/uploads\/2025\/04\/Tiling-works-300x200.jpg\" class=\"img-responsive wp-image-1843\" srcset=\"https:\/\/plaatimine24.ee\/wp-content\/uploads\/2025\/04\/Tiling-works-200x133.jpg 200w, https:\/\/plaatimine24.ee\/wp-content\/uploads\/2025\/04\/Tiling-works-400x267.jpg 400w, https:\/\/plaatimine24.ee\/wp-content\/uploads\/2025\/04\/Tiling-works-600x400.jpg 600w, https:\/\/plaatimine24.ee\/wp-content\/uploads\/2025\/04\/Tiling-works.jpg 768w\" sizes=\"(max-width: 1024px) 100vw, (max-width: 640px) 100vw, 400px\" \/><\/span><\/div><\/div><\/div><\/div><\/div><\/p>\n","protected":false},"excerpt":{"rendered":"","protected":false},"author":2,"featured_media":1843,"parent":0,"menu_order":0,"comment_status":"closed","ping_status":"closed","template":"","meta":{"footnotes":""},"class_list":["post-1975","page","type-page","status-publish","has-post-thumbnail","hentry"],"yoast_head":"<!-- This site is optimized with the Yoast SEO Premium plugin v27.5 (Yoast SEO v27.5) - https:\/\/yoast.com\/product\/yoast-seo-premium-wordpress\/ -->\n<title>\u041e \u043d\u0430\u0441 - Plaatimine24.ee<\/title>\n<meta name=\"description\" content=\"\u041e \u043d\u0430\u0441\" \/>\n<meta name=\"robots\" content=\"index, follow, max-snippet:-1, max-image-preview:large, max-video-preview:-1\" \/>\n<link rel=\"canonical\" href=\"https:\/\/plaatimine24.ee\/ru\/%d0%be-%d0%bd%d0%b0%d1%81\/\" \/>\n<meta property=\"og:locale\" content=\"ru_RU\" \/>\n<meta property=\"og:type\" content=\"article\" \/>\n<meta property=\"og:title\" content=\"\u041e \u043d\u0430\u0441\" \/>\n<meta property=\"og:description\" content=\"\u041e \u043d\u0430\u0441\" \/>\n<meta property=\"og:url\" content=\"https:\/\/plaatimine24.ee\/ru\/%d0%be-%d0%bd%d0%b0%d1%81\/\" \/>\n<meta property=\"og:site_name\" content=\"Plaatimine24.ee\" \/>\n<meta property=\"article:modified_time\" content=\"2025-06-18T10:58:15+00:00\" \/>\n<meta property=\"og:image\" content=\"https:\/\/plaatimine24.ee\/wp-content\/uploads\/2025\/04\/Tiling-works.jpg\" \/>\n\t<meta property=\"og:image:width\" content=\"768\" \/>\n\t<meta property=\"og:image:height\" content=\"512\" \/>\n\t<meta property=\"og:image:type\" content=\"image\/jpeg\" \/>\n<meta name=\"twitter:card\" content=\"summary_large_image\" \/>\n<meta name=\"twitter:label1\" content=\"\u041f\u0440\u0438\u043c\u0435\u0440\u043d\u043e\u0435 \u0432\u0440\u0435\u043c\u044f \u0434\u043b\u044f \u0447\u0442\u0435\u043d\u0438\u044f\" \/>\n\t<meta name=\"twitter:data1\" content=\"1 \u043c\u0438\u043d\u0443\u0442\u0430\" \/>\n<script type=\"application\/ld+json\" class=\"yoast-schema-graph\">{\"@context\":\"https:\\\/\\\/schema.org\",\"@graph\":[{\"@type\":\"WebPage\",\"@id\":\"https:\\\/\\\/plaatimine24.ee\\\/ru\\\/%d0%be-%d0%bd%d0%b0%d1%81\\\/\",\"url\":\"https:\\\/\\\/plaatimine24.ee\\\/ru\\\/%d0%be-%d0%bd%d0%b0%d1%81\\\/\",\"name\":\"\u041e \u043d\u0430\u0441 - Plaatimine24.ee\",\"isPartOf\":{\"@id\":\"https:\\\/\\\/plaatimine24.ee\\\/ru\\\/#website\"},\"primaryImageOfPage\":{\"@id\":\"https:\\\/\\\/plaatimine24.ee\\\/ru\\\/%d0%be-%d0%bd%d0%b0%d1%81\\\/#primaryimage\"},\"image\":{\"@id\":\"https:\\\/\\\/plaatimine24.ee\\\/ru\\\/%d0%be-%d0%bd%d0%b0%d1%81\\\/#primaryimage\"},\"thumbnailUrl\":\"https:\\\/\\\/plaatimine24.ee\\\/wp-content\\\/uploads\\\/2025\\\/04\\\/Tiling-works.jpg\",\"datePublished\":\"2025-06-13T12:53:39+00:00\",\"dateModified\":\"2025-06-18T10:58:15+00:00\",\"description\":\"\u041e \u043d\u0430\u0441\",\"breadcrumb\":{\"@id\":\"https:\\\/\\\/plaatimine24.ee\\\/ru\\\/%d0%be-%d0%bd%d0%b0%d1%81\\\/#breadcrumb\"},\"inLanguage\":\"ru-RU\",\"potentialAction\":[{\"@type\":\"ReadAction\",\"target\":[\"https:\\\/\\\/plaatimine24.ee\\\/ru\\\/%d0%be-%d0%bd%d0%b0%d1%81\\\/\"]}]},{\"@type\":\"ImageObject\",\"inLanguage\":\"ru-RU\",\"@id\":\"https:\\\/\\\/plaatimine24.ee\\\/ru\\\/%d0%be-%d0%bd%d0%b0%d1%81\\\/#primaryimage\",\"url\":\"https:\\\/\\\/plaatimine24.ee\\\/wp-content\\\/uploads\\\/2025\\\/04\\\/Tiling-works.jpg\",\"contentUrl\":\"https:\\\/\\\/plaatimine24.ee\\\/wp-content\\\/uploads\\\/2025\\\/04\\\/Tiling-works.jpg\",\"width\":768,\"height\":512,\"caption\":\"Tiling works\"},{\"@type\":\"BreadcrumbList\",\"@id\":\"https:\\\/\\\/plaatimine24.ee\\\/ru\\\/%d0%be-%d0%bd%d0%b0%d1%81\\\/#breadcrumb\",\"itemListElement\":[{\"@type\":\"ListItem\",\"position\":1,\"name\":\"Home\",\"item\":\"https:\\\/\\\/plaatimine24.ee\\\/ru\\\/\"},{\"@type\":\"ListItem\",\"position\":2,\"name\":\"\u041e \u043d\u0430\u0441\"}]},{\"@type\":\"WebSite\",\"@id\":\"https:\\\/\\\/plaatimine24.ee\\\/ru\\\/#website\",\"url\":\"https:\\\/\\\/plaatimine24.ee\\\/ru\\\/\",\"name\":\"Plaadit\u00f6\u00f6d garantiiga\",\"description\":\"\u0423\u0441\u043b\u0443\u0433\u0438 \u043f\u043e \u0443\u043a\u043b\u0430\u0434\u043a\u0435 \u043f\u043b\u0438\u0442\u043a\u0438 \u0438 \u0440\u0435\u043c\u043e\u043d\u0442\u0443\",\"publisher\":{\"@id\":\"https:\\\/\\\/plaatimine24.ee\\\/ru\\\/#organization\"},\"inLanguage\":\"ru-RU\"},{\"@type\":[\"Organization\",\"Place\"],\"@id\":\"https:\\\/\\\/plaatimine24.ee\\\/ru\\\/#organization\",\"name\":\"Plaatimine24\",\"alternateName\":\"Plaadit\u00f6\u00f6d\",\"url\":\"https:\\\/\\\/plaatimine24.ee\\\/ru\\\/\",\"logo\":{\"@id\":\"https:\\\/\\\/plaatimine24.ee\\\/ru\\\/%d0%be-%d0%bd%d0%b0%d1%81\\\/#local-main-organization-logo\"},\"image\":{\"@id\":\"https:\\\/\\\/plaatimine24.ee\\\/ru\\\/%d0%be-%d0%bd%d0%b0%d1%81\\\/#local-main-organization-logo\"},\"description\":\"Kvaliteetsed plaatimist\u00f6\u00f6d.\",\"legalName\":\"Profy O\u00dc\",\"foundingDate\":\"2004-02-22\",\"numberOfEmployees\":{\"@type\":\"QuantitativeValue\",\"minValue\":\"1\",\"maxValue\":\"10\"},\"address\":{\"@id\":\"https:\\\/\\\/plaatimine24.ee\\\/ru\\\/%d0%be-%d0%bd%d0%b0%d1%81\\\/#local-main-place-address\"},\"geo\":{\"@type\":\"GeoCoordinates\",\"latitude\":\"59.43061\",\"longitude\":\"24.736752\"},\"telephone\":[\"+37258303800\"],\"contactPoint\":{\"@type\":\"ContactPoint\",\"telephone\":\"+37258303800\",\"email\":\"info@plaatimine24.ee\"},\"openingHoursSpecification\":[{\"@type\":\"OpeningHoursSpecification\",\"dayOfWeek\":[\"Monday\",\"Tuesday\",\"Wednesday\",\"Thursday\",\"Friday\",\"Saturday\",\"Sunday\"],\"opens\":\"09:00\",\"closes\":\"17:00\"}],\"email\":\"info@plaatimine24.ee\",\"areaServed\":\"Tallinn\",\"taxID\":\"EE101718482\"},{\"@type\":\"PostalAddress\",\"@id\":\"https:\\\/\\\/plaatimine24.ee\\\/ru\\\/%d0%be-%d0%bd%d0%b0%d1%81\\\/#local-main-place-address\",\"streetAddress\":\"Endla 4\",\"addressLocality\":\"Tallinn\",\"postalCode\":\"10142\",\"addressRegion\":\"Harjumaa\",\"addressCountry\":\"EE\"},{\"@type\":\"ImageObject\",\"inLanguage\":\"ru-RU\",\"@id\":\"https:\\\/\\\/plaatimine24.ee\\\/ru\\\/%d0%be-%d0%bd%d0%b0%d1%81\\\/#local-main-organization-logo\",\"url\":\"https:\\\/\\\/plaatimine24.ee\\\/wp-content\\\/uploads\\\/2025\\\/06\\\/Plaatimine24-Logo8.png\",\"contentUrl\":\"https:\\\/\\\/plaatimine24.ee\\\/wp-content\\\/uploads\\\/2025\\\/06\\\/Plaatimine24-Logo8.png\",\"width\":453,\"height\":154,\"caption\":\"Plaatimine24\"}]}<\/script>\n<meta name=\"geo.placename\" content=\"Tallinn\" \/>\n<meta name=\"geo.position\" content=\"59.43061;24.736752\" \/>\n<meta name=\"geo.region\" content=\"\u042d\u0441\u0442\u043e\u043d\u0438\u044f\" \/>\n<!-- \/ Yoast SEO Premium plugin. -->","yoast_head_json":{"title":"\u041e \u043d\u0430\u0441 - Plaatimine24.ee","description":"\u041e \u043d\u0430\u0441","robots":{"index":"index","follow":"follow","max-snippet":"max-snippet:-1","max-image-preview":"max-image-preview:large","max-video-preview":"max-video-preview:-1"},"canonical":"https:\/\/plaatimine24.ee\/ru\/%d0%be-%d0%bd%d0%b0%d1%81\/","og_locale":"ru_RU","og_type":"article","og_title":"\u041e \u043d\u0430\u0441","og_description":"\u041e \u043d\u0430\u0441","og_url":"https:\/\/plaatimine24.ee\/ru\/%d0%be-%d0%bd%d0%b0%d1%81\/","og_site_name":"Plaatimine24.ee","article_modified_time":"2025-06-18T10:58:15+00:00","og_image":[{"width":768,"height":512,"url":"https:\/\/plaatimine24.ee\/wp-content\/uploads\/2025\/04\/Tiling-works.jpg","type":"image\/jpeg"}],"twitter_card":"summary_large_image","twitter_misc":{"\u041f\u0440\u0438\u043c\u0435\u0440\u043d\u043e\u0435 \u0432\u0440\u0435\u043c\u044f \u0434\u043b\u044f \u0447\u0442\u0435\u043d\u0438\u044f":"1 \u043c\u0438\u043d\u0443\u0442\u0430"},"schema":{"@context":"https:\/\/schema.org","@graph":[{"@type":"WebPage","@id":"https:\/\/plaatimine24.ee\/ru\/%d0%be-%d0%bd%d0%b0%d1%81\/","url":"https:\/\/plaatimine24.ee\/ru\/%d0%be-%d0%bd%d0%b0%d1%81\/","name":"\u041e \u043d\u0430\u0441 - Plaatimine24.ee","isPartOf":{"@id":"https:\/\/plaatimine24.ee\/ru\/#website"},"primaryImageOfPage":{"@id":"https:\/\/plaatimine24.ee\/ru\/%d0%be-%d0%bd%d0%b0%d1%81\/#primaryimage"},"image":{"@id":"https:\/\/plaatimine24.ee\/ru\/%d0%be-%d0%bd%d0%b0%d1%81\/#primaryimage"},"thumbnailUrl":"https:\/\/plaatimine24.ee\/wp-content\/uploads\/2025\/04\/Tiling-works.jpg","datePublished":"2025-06-13T12:53:39+00:00","dateModified":"2025-06-18T10:58:15+00:00","description":"\u041e \u043d\u0430\u0441","breadcrumb":{"@id":"https:\/\/plaatimine24.ee\/ru\/%d0%be-%d0%bd%d0%b0%d1%81\/#breadcrumb"},"inLanguage":"ru-RU","potentialAction":[{"@type":"ReadAction","target":["https:\/\/plaatimine24.ee\/ru\/%d0%be-%d0%bd%d0%b0%d1%81\/"]}]},{"@type":"ImageObject","inLanguage":"ru-RU","@id":"https:\/\/plaatimine24.ee\/ru\/%d0%be-%d0%bd%d0%b0%d1%81\/#primaryimage","url":"https:\/\/plaatimine24.ee\/wp-content\/uploads\/2025\/04\/Tiling-works.jpg","contentUrl":"https:\/\/plaatimine24.ee\/wp-content\/uploads\/2025\/04\/Tiling-works.jpg","width":768,"height":512,"caption":"Tiling works"},{"@type":"BreadcrumbList","@id":"https:\/\/plaatimine24.ee\/ru\/%d0%be-%d0%bd%d0%b0%d1%81\/#breadcrumb","itemListElement":[{"@type":"ListItem","position":1,"name":"Home","item":"https:\/\/plaatimine24.ee\/ru\/"},{"@type":"ListItem","position":2,"name":"\u041e \u043d\u0430\u0441"}]},{"@type":"WebSite","@id":"https:\/\/plaatimine24.ee\/ru\/#website","url":"https:\/\/plaatimine24.ee\/ru\/","name":"Plaadit\u00f6\u00f6d garantiiga","description":"\u0423\u0441\u043b\u0443\u0433\u0438 \u043f\u043e \u0443\u043a\u043b\u0430\u0434\u043a\u0435 \u043f\u043b\u0438\u0442\u043a\u0438 \u0438 \u0440\u0435\u043c\u043e\u043d\u0442\u0443","publisher":{"@id":"https:\/\/plaatimine24.ee\/ru\/#organization"},"inLanguage":"ru-RU"},{"@type":["Organization","Place"],"@id":"https:\/\/plaatimine24.ee\/ru\/#organization","name":"Plaatimine24","alternateName":"Plaadit\u00f6\u00f6d","url":"https:\/\/plaatimine24.ee\/ru\/","logo":{"@id":"https:\/\/plaatimine24.ee\/ru\/%d0%be-%d0%bd%d0%b0%d1%81\/#local-main-organization-logo"},"image":{"@id":"https:\/\/plaatimine24.ee\/ru\/%d0%be-%d0%bd%d0%b0%d1%81\/#local-main-organization-logo"},"description":"Kvaliteetsed plaatimist\u00f6\u00f6d.","legalName":"Profy O\u00dc","foundingDate":"2004-02-22","numberOfEmployees":{"@type":"QuantitativeValue","minValue":"1","maxValue":"10"},"address":{"@id":"https:\/\/plaatimine24.ee\/ru\/%d0%be-%d0%bd%d0%b0%d1%81\/#local-main-place-address"},"geo":{"@type":"GeoCoordinates","latitude":"59.43061","longitude":"24.736752"},"telephone":["+37258303800"],"contactPoint":{"@type":"ContactPoint","telephone":"+37258303800","email":"info@plaatimine24.ee"},"openingHoursSpecification":[{"@type":"OpeningHoursSpecification","dayOfWeek":["Monday","Tuesday","Wednesday","Thursday","Friday","Saturday","Sunday"],"opens":"09:00","closes":"17:00"}],"email":"info@plaatimine24.ee","areaServed":"Tallinn","taxID":"EE101718482"},{"@type":"PostalAddress","@id":"https:\/\/plaatimine24.ee\/ru\/%d0%be-%d0%bd%d0%b0%d1%81\/#local-main-place-address","streetAddress":"Endla 4","addressLocality":"Tallinn","postalCode":"10142","addressRegion":"Harjumaa","addressCountry":"EE"},{"@type":"ImageObject","inLanguage":"ru-RU","@id":"https:\/\/plaatimine24.ee\/ru\/%d0%be-%d0%bd%d0%b0%d1%81\/#local-main-organization-logo","url":"https:\/\/plaatimine24.ee\/wp-content\/uploads\/2025\/06\/Plaatimine24-Logo8.png","contentUrl":"https:\/\/plaatimine24.ee\/wp-content\/uploads\/2025\/06\/Plaatimine24-Logo8.png","width":453,"height":154,"caption":"Plaatimine24"}]},"geo.placename":"Tallinn","geo.position":{"lat":"59.43061","long":"24.736752"},"geo.region":"\u042d\u0441\u0442\u043e\u043d\u0438\u044f"},"_links":{"self":[{"href":"https:\/\/plaatimine24.ee\/ru\/wp-json\/wp\/v2\/pages\/1975","targetHints":{"allow":["GET"]}}],"collection":[{"href":"https:\/\/plaatimine24.ee\/ru\/wp-json\/wp\/v2\/pages"}],"about":[{"href":"https:\/\/plaatimine24.ee\/ru\/wp-json\/wp\/v2\/types\/page"}],"author":[{"embeddable":true,"href":"https:\/\/plaatimine24.ee\/ru\/wp-json\/wp\/v2\/users\/2"}],"replies":[{"embeddable":true,"href":"https:\/\/plaatimine24.ee\/ru\/wp-json\/wp\/v2\/comments?post=1975"}],"version-history":[{"count":0,"href":"https:\/\/plaatimine24.ee\/ru\/wp-json\/wp\/v2\/pages\/1975\/revisions"}],"wp:featuredmedia":[{"embeddable":true,"href":"https:\/\/plaatimine24.ee\/ru\/wp-json\/wp\/v2\/media\/1843"}],"wp:attachment":[{"href":"https:\/\/plaatimine24.ee\/ru\/wp-json\/wp\/v2\/media?parent=1975"}],"curies":[{"name":"wp","href":"https:\/\/api.w.org\/{rel}","templated":true}]}}