{"id":1705,"date":"2025-03-31T13:33:44","date_gmt":"2025-03-31T13:33:44","guid":{"rendered":"https:\/\/plaatimine24.ee\/?page_id=1705"},"modified":"2025-10-24T12:37:14","modified_gmt":"2025-10-24T09:37:14","slug":"%d0%ba%d0%be%d0%bd%d1%82%d0%b0%d0%ba%d1%82","status":"publish","type":"page","link":"https:\/\/plaatimine24.ee\/ru\/%d0%ba%d0%be%d0%bd%d1%82%d0%b0%d0%ba%d1%82\/","title":{"rendered":"\u041a\u043e\u043d\u0442\u0430\u043a\u0442"},"content":{"rendered":"<p><div class=\"fusion-fullwidth fullwidth-box fusion-builder-row-1 fusion-flex-container has-pattern-background has-mask-background nonhundred-percent-fullwidth non-hundred-percent-height-scrolling\" style=\"--awb-border-radius-top-left:0px;--awb-border-radius-top-right:0px;--awb-border-radius-bottom-right:0px;--awb-border-radius-bottom-left:0px;--awb-flex-wrap:wrap;\" ><div class=\"fusion-builder-row fusion-row fusion-flex-align-items-flex-start fusion-flex-content-wrap\" style=\"max-width:1216.8px;margin-left: calc(-4% \/ 2 );margin-right: calc(-4% \/ 2 );\"><div class=\"fusion-layout-column fusion_builder_column fusion-builder-column-0 fusion_builder_column_1_2 1_2 fusion-flex-column\" style=\"--awb-bg-size:cover;--awb-width-large:50%;--awb-margin-top-large:0px;--awb-spacing-right-large:3.84%;--awb-margin-bottom-large:0px;--awb-spacing-left-large:3.84%;--awb-width-medium:100%;--awb-order-medium:0;--awb-spacing-right-medium:1.92%;--awb-spacing-left-medium:1.92%;--awb-width-small:100%;--awb-order-small:0;--awb-spacing-right-small:1.92%;--awb-spacing-left-small:1.92%;\"><div class=\"fusion-column-wrapper fusion-column-has-shadow fusion-flex-justify-content-flex-start fusion-content-layout-column\"><div class=\"fusion-title title fusion-title-1 fusion-sep-none fusion-title-text fusion-title-size-two\" style=\"--awb-margin-top-small:0px;--awb-margin-right-small:0px;--awb-margin-bottom-small:20px;--awb-margin-left-small:0px;\"><h2 class=\"fusion-title-heading title-heading-left fusion-responsive-typography-calculated\" style=\"margin:0;text-transform:capitalize;--fontSize:32;line-height:1.3;\">\u041a\u043e\u043d\u0442\u0430\u043a\u0442<\/h2><\/div><div class=\"fusion-text fusion-text-1\"><p>\u0422\u0435\u043b\u0435\u0444\u043e\u043d: <a href=\"tel:+37258303800\">+372 5830 3800<\/a><br \/>\nEmail: <a href=\"mailto:info@plaatimine24.ee\">info@plaatimine24.ee<\/a><br \/>\n\u0420\u0430\u0431\u043e\u0442\u0430\u0435\u043c \u0431\u0435\u0437 \u0432\u044b\u0445\u043e\u0434\u043d\u044b\u0445 \u0441 08:00 \u0434\u043e 20:00<br \/>\nProfy O\u00dc, Endla 4, Tallinn<br \/>\nReg. 11899239<br \/>\nKMKR EE101718482<\/p>\n<\/div><\/div><\/div><div class=\"fusion-layout-column fusion_builder_column fusion-builder-column-1 fusion_builder_column_1_2 1_2 fusion-flex-column\" style=\"--awb-bg-size:cover;--awb-width-large:50%;--awb-margin-top-large:0px;--awb-spacing-right-large:3.84%;--awb-margin-bottom-large:0px;--awb-spacing-left-large:3.84%;--awb-width-medium:100%;--awb-order-medium:0;--awb-spacing-right-medium:1.92%;--awb-spacing-left-medium:1.92%;--awb-width-small:100%;--awb-order-small:0;--awb-spacing-right-small:1.92%;--awb-spacing-left-small:1.92%;\"><div class=\"fusion-column-wrapper fusion-column-has-shadow fusion-flex-justify-content-flex-start fusion-content-layout-column\"><div class=\"fusion-title title fusion-title-2 fusion-sep-none fusion-title-text fusion-title-size-two\" style=\"--awb-margin-top-small:0px;--awb-margin-right-small:0px;--awb-margin-bottom-small:20px;--awb-margin-left-small:0px;\"><h2 class=\"fusion-title-heading title-heading-left fusion-responsive-typography-calculated\" style=\"margin:0;text-transform:capitalize;--fontSize:32;line-height:1.3;\">\u041a\u043e\u043d\u0442\u0430\u043a\u0442\u043d\u0430\u044f \u0444\u043e\u0440\u043c\u0430<\/h2><\/div><div class=\"fusion-text fusion-text-2\"><style id=\"wpforms-css-vars-2191\">\n\t\t\t\t#wpforms-2191 {\n\t\t\t\t--wpforms-field-size-input-height: 43px;\n--wpforms-field-size-input-spacing: 15px;\n--wpforms-field-size-font-size: 16px;\n--wpforms-field-size-line-height: 19px;\n--wpforms-field-size-padding-h: 14px;\n--wpforms-field-size-checkbox-size: 16px;\n--wpforms-field-size-sublabel-spacing: 5px;\n--wpforms-field-size-icon-size: 1;\n--wpforms-label-size-font-size: 16px;\n--wpforms-label-size-line-height: 19px;\n--wpforms-label-size-sublabel-font-size: 14px;\n--wpforms-label-size-sublabel-line-height: 17px;\n--wpforms-button-size-font-size: 17px;\n--wpforms-button-size-height: 41px;\n--wpforms-button-size-padding-h: 15px;\n--wpforms-button-size-margin-top: 10px;\n--wpforms-container-shadow-size-box-shadow: none;\n\t\t\t}\n\t\t\t<\/style><div class=\"wpforms-container wpforms-container-full wpforms-render-modern\" id=\"wpforms-2191\"><form id=\"wpforms-form-2191\" class=\"wpforms-validate wpforms-form wpforms-ajax-form\" data-formid=\"2191\" method=\"post\" enctype=\"multipart\/form-data\" action=\"\/ru\/wp-json\/wp\/v2\/pages\/1705\" data-token=\"8b2a4f5d6816955c01a96e72ae406f8e\" data-token-time=\"1778509498\"><noscript class=\"wpforms-error-noscript\">\u0414\u043b\u044f \u0437\u0430\u043f\u043e\u043b\u043d\u0435\u043d\u0438\u044f \u0434\u0430\u043d\u043d\u043e\u0439 \u0444\u043e\u0440\u043c\u044b \u0432\u043a\u043b\u044e\u0447\u0438\u0442\u0435 JavaScript \u0432 \u0431\u0440\u0430\u0443\u0437\u0435\u0440\u0435.<\/noscript><div id=\"wpforms-error-noscript\" style=\"display: none;\">\u0414\u043b\u044f \u0437\u0430\u043f\u043e\u043b\u043d\u0435\u043d\u0438\u044f \u0434\u0430\u043d\u043d\u043e\u0439 \u0444\u043e\u0440\u043c\u044b \u0432\u043a\u043b\u044e\u0447\u0438\u0442\u0435 JavaScript \u0432 \u0431\u0440\u0430\u0443\u0437\u0435\u0440\u0435.<\/div><div class=\"wpforms-field-container\"><div id=\"wpforms-2191-field_1-container\" class=\"wpforms-field wpforms-field-name\" data-field-id=\"1\"><label class=\"wpforms-field-label\" for=\"wpforms-2191-field_1\">\u0418\u043c\u044f <span class=\"wpforms-required-label\" aria-hidden=\"true\">*<\/span><\/label><input type=\"text\" id=\"wpforms-2191-field_1\" class=\"wpforms-field-medium wpforms-field-required\" name=\"wpforms[fields][1]\" aria-errormessage=\"wpforms-2191-field_1-error\" required><\/div><div id=\"wpforms-2191-field_4-container\" class=\"wpforms-field wpforms-field-phone\" data-field-id=\"4\"><label class=\"wpforms-field-label\" for=\"wpforms-2191-field_4\">\u0422\u0435\u043b\u0435\u0444\u043e\u043d <span class=\"wpforms-required-label\" aria-hidden=\"true\">*<\/span><\/label><input type=\"tel\" id=\"wpforms-2191-field_4\" class=\"wpforms-field-medium wpforms-field-required\" data-rule-int-phone-field=\"true\" name=\"wpforms[fields][4]\" aria-label=\"\u0422\u0435\u043b\u0435\u0444\u043e\u043d\" aria-errormessage=\"wpforms-2191-field_4-error\" required><\/div>\t\t<div id=\"wpforms-2191-field_5-container\"\n\t\t\tclass=\"wpforms-field wpforms-field-text\"\n\t\t\tdata-field-type=\"text\"\n\t\t\tdata-field-id=\"5\"\n\t\t\t>\n\t\t\t<label class=\"wpforms-field-label\" for=\"wpforms-2191-field_5\" >\u0440\u0435\u043c\u043e\u043d\u0442) \u0422\u0435\u043b\u0435\u0444\u043e\u043d \u042d-\u043f\u043e\u0447\u0442\u0430<\/label>\n\t\t\t<input type=\"text\" id=\"wpforms-2191-field_5\" class=\"wpforms-field-medium\" name=\"wpforms[fields][5]\" >\n\t\t<\/div>\n\t\t<div id=\"wpforms-2191-field_2-container\" class=\"wpforms-field wpforms-field-email\" data-field-id=\"2\"><label class=\"wpforms-field-label\" for=\"wpforms-2191-field_2\">\u042d-\u043f\u043e\u0447\u0442\u0430 <span class=\"wpforms-required-label\" aria-hidden=\"true\">*<\/span><\/label><input type=\"email\" id=\"wpforms-2191-field_2\" class=\"wpforms-field-medium wpforms-field-required\" name=\"wpforms[fields][2]\" spellcheck=\"false\" aria-errormessage=\"wpforms-2191-field_2-error\" required><\/div><div id=\"wpforms-2191-field_3-container\" class=\"wpforms-field wpforms-field-textarea\" data-field-id=\"3\"><label class=\"wpforms-field-label\" for=\"wpforms-2191-field_3\">\u0421\u043e\u043e\u0431\u0449\u0435\u043d\u0438\u0435 (\u043e\u043f\u0438\u0448\u0438\u0442\u0435 \u0436\u0435\u043b\u0430\u0435\u043c\u044b\u0439 \u0440\u0435\u043c\u043e\u043d\u0442) <span class=\"wpforms-required-label\" aria-hidden=\"true\">*<\/span><\/label><textarea id=\"wpforms-2191-field_3\" class=\"wpforms-field-medium wpforms-field-required\" name=\"wpforms[fields][3]\" aria-errormessage=\"wpforms-2191-field_3-error\" required><\/textarea><\/div><script>\n\t\t\t\t( function() {\n\t\t\t\t\tconst style = document.createElement( 'style' );\n\t\t\t\t\tstyle.appendChild( document.createTextNode( '#wpforms-2191-field_5-container { position: absolute !important; overflow: hidden !important; display: inline !important; height: 1px !important; width: 1px !important; z-index: -1000 !important; padding: 0 !important; } #wpforms-2191-field_5-container input { visibility: hidden; } #wpforms-conversational-form-page #wpforms-2191-field_5-container label { counter-increment: none; }' ) );\n\t\t\t\t\tdocument.head.appendChild( style );\n\t\t\t\t\tdocument.currentScript?.remove();\n\t\t\t\t} )();\n\t\t\t<\/script><\/div><!-- .wpforms-field-container --><div class=\"wpforms-recaptcha-container wpforms-is-recaptcha wpforms-is-recaptcha-type-v2\" ><div class=\"g-recaptcha\" data-sitekey=\"6Ld8QUUsAAAAADE-1h7gtR5lAE2YSRbNyBACAYoF\"><\/div><input type=\"text\" name=\"g-recaptcha-hidden\" class=\"wpforms-recaptcha-hidden\" style=\"position:absolute!important;clip:rect(0,0,0,0)!important;height:1px!important;width:1px!important;border:0!important;overflow:hidden!important;padding:0!important;margin:0!important;\" data-rule-recaptcha=\"1\"><\/div><div class=\"wpforms-submit-container\" ><input type=\"hidden\" name=\"wpforms[id]\" value=\"2191\"><input type=\"hidden\" name=\"page_title\" value=\"\"><input type=\"hidden\" name=\"page_url\" value=\"https:\/\/plaatimine24.ee\/ru\/wp-json\/wp\/v2\/pages\/1705\"><input type=\"hidden\" name=\"url_referer\" value=\"\"><button type=\"submit\" name=\"wpforms[submit]\" id=\"wpforms-submit-2191\" class=\"wpforms-submit\" data-alt-text=\"\u041e\u0442\u043f\u0440\u0430\u0432\u043a\u0430...\" data-submit-text=\"\u041e\u0442\u043f\u0440\u0430\u0432\u0438\u0442\u044c\" aria-live=\"assertive\" value=\"wpforms-submit\">\u041e\u0442\u043f\u0440\u0430\u0432\u0438\u0442\u044c<\/button><img decoding=\"async\" src=\"https:\/\/plaatimine24.ee\/wp-content\/plugins\/wpforms\/assets\/images\/submit-spin.svg\" class=\"wpforms-submit-spinner\" style=\"display: none;\" width=\"26\" height=\"26\" alt=\"\u0417\u0430\u0433\u0440\u0443\u0437\u043a\u0430\"><\/div><\/form><\/div>  <!-- .wpforms-container -->\n<\/div><\/div><\/div><\/div><\/div><div class=\"fusion-fullwidth fullwidth-box fusion-builder-row-2 fusion-flex-container has-pattern-background has-mask-background nonhundred-percent-fullwidth non-hundred-percent-height-scrolling\" style=\"--awb-border-radius-top-left:0px;--awb-border-radius-top-right:0px;--awb-border-radius-bottom-right:0px;--awb-border-radius-bottom-left:0px;--awb-flex-wrap:wrap;\" ><div class=\"fusion-builder-row fusion-row fusion-flex-align-items-flex-start fusion-flex-content-wrap\" style=\"max-width:1216.8px;margin-left: calc(-4% \/ 2 );margin-right: calc(-4% \/ 2 );\"><div class=\"fusion-layout-column fusion_builder_column fusion-builder-column-2 fusion_builder_column_1_1 1_1 fusion-flex-column\" style=\"--awb-bg-size:cover;--awb-width-large:100%;--awb-margin-top-large:0px;--awb-spacing-right-large:1.92%;--awb-margin-bottom-large:0px;--awb-spacing-left-large:1.92%;--awb-width-medium:100%;--awb-order-medium:0;--awb-spacing-right-medium:1.92%;--awb-spacing-left-medium:1.92%;--awb-width-small:100%;--awb-order-small:0;--awb-spacing-right-small:1.92%;--awb-spacing-left-small:1.92%;\"><div class=\"fusion-column-wrapper fusion-column-has-shadow fusion-flex-justify-content-flex-start fusion-content-layout-column\"><div class=\"fusion-text fusion-text-3\"><p><img decoding=\"async\" class=\"alignnone size-full wp-image-2003\" src=\"https:\/\/plaatimine24.ee\/wp-content\/uploads\/2025\/06\/map1.jpg\" alt=\"\" width=\"100%\" height=\"484\" srcset=\"https:\/\/plaatimine24.ee\/wp-content\/uploads\/2025\/06\/map1-200x120.jpg 200w, https:\/\/plaatimine24.ee\/wp-content\/uploads\/2025\/06\/map1-300x180.jpg 300w, https:\/\/plaatimine24.ee\/wp-content\/uploads\/2025\/06\/map1-400x240.jpg 400w, https:\/\/plaatimine24.ee\/wp-content\/uploads\/2025\/06\/map1-600x360.jpg 600w, https:\/\/plaatimine24.ee\/wp-content\/uploads\/2025\/06\/map1-768x461.jpg 768w, https:\/\/plaatimine24.ee\/wp-content\/uploads\/2025\/06\/map1-800x480.jpg 800w, https:\/\/plaatimine24.ee\/wp-content\/uploads\/2025\/06\/map1.jpg 807w\" sizes=\"(max-width: 807px) 100vw, 807px\" \/><\/p>\n<\/div><\/div><\/div><\/div><\/div><\/p>\n","protected":false},"excerpt":{"rendered":"","protected":false},"author":1,"featured_media":2222,"parent":0,"menu_order":0,"comment_status":"closed","ping_status":"closed","template":"","meta":{"footnotes":""},"class_list":["post-1705","page","type-page","status-publish","has-post-thumbnail","hentry"],"yoast_head":"<!-- This site is optimized with the Yoast SEO Premium plugin v27.5 (Yoast SEO v27.5) - https:\/\/yoast.com\/product\/yoast-seo-premium-wordpress\/ -->\n<title>\u041a\u043e\u043d\u0442\u0430\u043a\u0442 - Plaatimine24.ee<\/title>\n<meta name=\"description\" content=\"\u0422\u0435\u043b\u0435\u0444\u043e\u043d: +372 5830 3800, Email: info@plaatimine24.ee, \u0420\u0430\u0431\u043e\u0442\u0430\u0435\u043c \u0431\u0435\u0437 \u0432\u044b\u0445\u043e\u0434\u043d\u044b\u0445 \u0441 08:00 \u0434\u043e 20:00, Profy O\u00dc, Endla 4, Tallinn.\" \/>\n<meta name=\"robots\" content=\"index, follow, max-snippet:-1, max-image-preview:large, max-video-preview:-1\" \/>\n<link rel=\"canonical\" href=\"https:\/\/plaatimine24.ee\/ru\/%d0%ba%d0%be%d0%bd%d1%82%d0%b0%d0%ba%d1%82\/\" \/>\n<meta property=\"og:locale\" content=\"ru_RU\" \/>\n<meta property=\"og:type\" content=\"article\" \/>\n<meta property=\"og:title\" content=\"\u041a\u043e\u043d\u0442\u0430\u043a\u0442\" \/>\n<meta property=\"og:description\" content=\"\u0422\u0435\u043b\u0435\u0444\u043e\u043d: +372 5830 3800, Email: info@plaatimine24.ee, \u0420\u0430\u0431\u043e\u0442\u0430\u0435\u043c \u0431\u0435\u0437 \u0432\u044b\u0445\u043e\u0434\u043d\u044b\u0445 \u0441 08:00 \u0434\u043e 20:00, Profy O\u00dc, Endla 4, Tallinn.\" \/>\n<meta property=\"og:url\" content=\"https:\/\/plaatimine24.ee\/ru\/%d0%ba%d0%be%d0%bd%d1%82%d0%b0%d0%ba%d1%82\/\" \/>\n<meta property=\"og:site_name\" content=\"Plaatimine24.ee\" \/>\n<meta property=\"article:modified_time\" content=\"2025-10-24T09:37:14+00:00\" \/>\n<meta property=\"og:image\" content=\"https:\/\/plaatimine24.ee\/wp-content\/uploads\/2025\/06\/plaatimine.webp\" \/>\n\t<meta property=\"og:image:width\" content=\"1200\" \/>\n\t<meta property=\"og:image:height\" content=\"675\" \/>\n\t<meta property=\"og:image:type\" content=\"image\/webp\" \/>\n<meta name=\"twitter:card\" content=\"summary_large_image\" \/>\n<meta name=\"twitter:label1\" content=\"\u041f\u0440\u0438\u043c\u0435\u0440\u043d\u043e\u0435 \u0432\u0440\u0435\u043c\u044f \u0434\u043b\u044f \u0447\u0442\u0435\u043d\u0438\u044f\" \/>\n\t<meta name=\"twitter:data1\" content=\"1 \u043c\u0438\u043d\u0443\u0442\u0430\" \/>\n<script type=\"application\/ld+json\" class=\"yoast-schema-graph\">{\"@context\":\"https:\\\/\\\/schema.org\",\"@graph\":[{\"@type\":\"WebPage\",\"@id\":\"https:\\\/\\\/plaatimine24.ee\\\/ru\\\/%d0%ba%d0%be%d0%bd%d1%82%d0%b0%d0%ba%d1%82\\\/\",\"url\":\"https:\\\/\\\/plaatimine24.ee\\\/ru\\\/%d0%ba%d0%be%d0%bd%d1%82%d0%b0%d0%ba%d1%82\\\/\",\"name\":\"\u041a\u043e\u043d\u0442\u0430\u043a\u0442 - Plaatimine24.ee\",\"isPartOf\":{\"@id\":\"https:\\\/\\\/plaatimine24.ee\\\/ru\\\/#website\"},\"primaryImageOfPage\":{\"@id\":\"https:\\\/\\\/plaatimine24.ee\\\/ru\\\/%d0%ba%d0%be%d0%bd%d1%82%d0%b0%d0%ba%d1%82\\\/#primaryimage\"},\"image\":{\"@id\":\"https:\\\/\\\/plaatimine24.ee\\\/ru\\\/%d0%ba%d0%be%d0%bd%d1%82%d0%b0%d0%ba%d1%82\\\/#primaryimage\"},\"thumbnailUrl\":\"https:\\\/\\\/plaatimine24.ee\\\/wp-content\\\/uploads\\\/2025\\\/06\\\/plaatimine.webp\",\"datePublished\":\"2025-03-31T13:33:44+00:00\",\"dateModified\":\"2025-10-24T09:37:14+00:00\",\"description\":\"\u0422\u0435\u043b\u0435\u0444\u043e\u043d: +372 5830 3800, Email: info@plaatimine24.ee, \u0420\u0430\u0431\u043e\u0442\u0430\u0435\u043c \u0431\u0435\u0437 \u0432\u044b\u0445\u043e\u0434\u043d\u044b\u0445 \u0441 08:00 \u0434\u043e 20:00, Profy O\u00dc, Endla 4, Tallinn.\",\"breadcrumb\":{\"@id\":\"https:\\\/\\\/plaatimine24.ee\\\/ru\\\/%d0%ba%d0%be%d0%bd%d1%82%d0%b0%d0%ba%d1%82\\\/#breadcrumb\"},\"inLanguage\":\"ru-RU\",\"potentialAction\":[{\"@type\":\"ReadAction\",\"target\":[\"https:\\\/\\\/plaatimine24.ee\\\/ru\\\/%d0%ba%d0%be%d0%bd%d1%82%d0%b0%d0%ba%d1%82\\\/\"]}]},{\"@type\":\"ImageObject\",\"inLanguage\":\"ru-RU\",\"@id\":\"https:\\\/\\\/plaatimine24.ee\\\/ru\\\/%d0%ba%d0%be%d0%bd%d1%82%d0%b0%d0%ba%d1%82\\\/#primaryimage\",\"url\":\"https:\\\/\\\/plaatimine24.ee\\\/wp-content\\\/uploads\\\/2025\\\/06\\\/plaatimine.webp\",\"contentUrl\":\"https:\\\/\\\/plaatimine24.ee\\\/wp-content\\\/uploads\\\/2025\\\/06\\\/plaatimine.webp\",\"width\":1200,\"height\":675,\"caption\":\"Plaatimine\"},{\"@type\":\"BreadcrumbList\",\"@id\":\"https:\\\/\\\/plaatimine24.ee\\\/ru\\\/%d0%ba%d0%be%d0%bd%d1%82%d0%b0%d0%ba%d1%82\\\/#breadcrumb\",\"itemListElement\":[{\"@type\":\"ListItem\",\"position\":1,\"name\":\"Home\",\"item\":\"https:\\\/\\\/plaatimine24.ee\\\/ru\\\/\"},{\"@type\":\"ListItem\",\"position\":2,\"name\":\"\u041a\u043e\u043d\u0442\u0430\u043a\u0442\"}]},{\"@type\":\"WebSite\",\"@id\":\"https:\\\/\\\/plaatimine24.ee\\\/ru\\\/#website\",\"url\":\"https:\\\/\\\/plaatimine24.ee\\\/ru\\\/\",\"name\":\"Plaadit\u00f6\u00f6d garantiiga\",\"description\":\"\u0423\u0441\u043b\u0443\u0433\u0438 \u043f\u043e \u0443\u043a\u043b\u0430\u0434\u043a\u0435 \u043f\u043b\u0438\u0442\u043a\u0438 \u0438 \u0440\u0435\u043c\u043e\u043d\u0442\u0443\",\"publisher\":{\"@id\":\"https:\\\/\\\/plaatimine24.ee\\\/ru\\\/#organization\"},\"inLanguage\":\"ru-RU\"},{\"@type\":[\"Organization\",\"Place\"],\"@id\":\"https:\\\/\\\/plaatimine24.ee\\\/ru\\\/#organization\",\"name\":\"Plaatimine24\",\"alternateName\":\"Plaadit\u00f6\u00f6d\",\"url\":\"https:\\\/\\\/plaatimine24.ee\\\/ru\\\/\",\"logo\":{\"@id\":\"https:\\\/\\\/plaatimine24.ee\\\/ru\\\/%d0%ba%d0%be%d0%bd%d1%82%d0%b0%d0%ba%d1%82\\\/#local-main-organization-logo\"},\"image\":{\"@id\":\"https:\\\/\\\/plaatimine24.ee\\\/ru\\\/%d0%ba%d0%be%d0%bd%d1%82%d0%b0%d0%ba%d1%82\\\/#local-main-organization-logo\"},\"description\":\"Kvaliteetsed plaatimist\u00f6\u00f6d.\",\"legalName\":\"Profy O\u00dc\",\"foundingDate\":\"2004-02-22\",\"numberOfEmployees\":{\"@type\":\"QuantitativeValue\",\"minValue\":\"1\",\"maxValue\":\"10\"},\"address\":{\"@id\":\"https:\\\/\\\/plaatimine24.ee\\\/ru\\\/%d0%ba%d0%be%d0%bd%d1%82%d0%b0%d0%ba%d1%82\\\/#local-main-place-address\"},\"geo\":{\"@type\":\"GeoCoordinates\",\"latitude\":\"59.43061\",\"longitude\":\"24.736752\"},\"telephone\":[\"+37258303800\"],\"contactPoint\":{\"@type\":\"ContactPoint\",\"telephone\":\"+37258303800\",\"email\":\"info@plaatimine24.ee\"},\"openingHoursSpecification\":[{\"@type\":\"OpeningHoursSpecification\",\"dayOfWeek\":[\"Monday\",\"Tuesday\",\"Wednesday\",\"Thursday\",\"Friday\",\"Saturday\",\"Sunday\"],\"opens\":\"09:00\",\"closes\":\"17:00\"}],\"email\":\"info@plaatimine24.ee\",\"areaServed\":\"Tallinn\",\"taxID\":\"EE101718482\"},{\"@type\":\"PostalAddress\",\"@id\":\"https:\\\/\\\/plaatimine24.ee\\\/ru\\\/%d0%ba%d0%be%d0%bd%d1%82%d0%b0%d0%ba%d1%82\\\/#local-main-place-address\",\"streetAddress\":\"Endla 4\",\"addressLocality\":\"Tallinn\",\"postalCode\":\"10142\",\"addressRegion\":\"Harjumaa\",\"addressCountry\":\"EE\"},{\"@type\":\"ImageObject\",\"inLanguage\":\"ru-RU\",\"@id\":\"https:\\\/\\\/plaatimine24.ee\\\/ru\\\/%d0%ba%d0%be%d0%bd%d1%82%d0%b0%d0%ba%d1%82\\\/#local-main-organization-logo\",\"url\":\"https:\\\/\\\/plaatimine24.ee\\\/wp-content\\\/uploads\\\/2025\\\/06\\\/Plaatimine24-Logo8.png\",\"contentUrl\":\"https:\\\/\\\/plaatimine24.ee\\\/wp-content\\\/uploads\\\/2025\\\/06\\\/Plaatimine24-Logo8.png\",\"width\":453,\"height\":154,\"caption\":\"Plaatimine24\"}]}<\/script>\n<meta name=\"geo.placename\" content=\"Tallinn\" \/>\n<meta name=\"geo.position\" content=\"59.43061;24.736752\" \/>\n<meta name=\"geo.region\" content=\"\u042d\u0441\u0442\u043e\u043d\u0438\u044f\" \/>\n<!-- \/ Yoast SEO Premium plugin. -->","yoast_head_json":{"title":"\u041a\u043e\u043d\u0442\u0430\u043a\u0442 - Plaatimine24.ee","description":"\u0422\u0435\u043b\u0435\u0444\u043e\u043d: +372 5830 3800, Email: info@plaatimine24.ee, \u0420\u0430\u0431\u043e\u0442\u0430\u0435\u043c \u0431\u0435\u0437 \u0432\u044b\u0445\u043e\u0434\u043d\u044b\u0445 \u0441 08:00 \u0434\u043e 20:00, Profy O\u00dc, Endla 4, Tallinn.","robots":{"index":"index","follow":"follow","max-snippet":"max-snippet:-1","max-image-preview":"max-image-preview:large","max-video-preview":"max-video-preview:-1"},"canonical":"https:\/\/plaatimine24.ee\/ru\/%d0%ba%d0%be%d0%bd%d1%82%d0%b0%d0%ba%d1%82\/","og_locale":"ru_RU","og_type":"article","og_title":"\u041a\u043e\u043d\u0442\u0430\u043a\u0442","og_description":"\u0422\u0435\u043b\u0435\u0444\u043e\u043d: +372 5830 3800, Email: info@plaatimine24.ee, \u0420\u0430\u0431\u043e\u0442\u0430\u0435\u043c \u0431\u0435\u0437 \u0432\u044b\u0445\u043e\u0434\u043d\u044b\u0445 \u0441 08:00 \u0434\u043e 20:00, Profy O\u00dc, Endla 4, Tallinn.","og_url":"https:\/\/plaatimine24.ee\/ru\/%d0%ba%d0%be%d0%bd%d1%82%d0%b0%d0%ba%d1%82\/","og_site_name":"Plaatimine24.ee","article_modified_time":"2025-10-24T09:37:14+00:00","og_image":[{"width":1200,"height":675,"url":"https:\/\/plaatimine24.ee\/wp-content\/uploads\/2025\/06\/plaatimine.webp","type":"image\/webp"}],"twitter_card":"summary_large_image","twitter_misc":{"\u041f\u0440\u0438\u043c\u0435\u0440\u043d\u043e\u0435 \u0432\u0440\u0435\u043c\u044f \u0434\u043b\u044f \u0447\u0442\u0435\u043d\u0438\u044f":"1 \u043c\u0438\u043d\u0443\u0442\u0430"},"schema":{"@context":"https:\/\/schema.org","@graph":[{"@type":"WebPage","@id":"https:\/\/plaatimine24.ee\/ru\/%d0%ba%d0%be%d0%bd%d1%82%d0%b0%d0%ba%d1%82\/","url":"https:\/\/plaatimine24.ee\/ru\/%d0%ba%d0%be%d0%bd%d1%82%d0%b0%d0%ba%d1%82\/","name":"\u041a\u043e\u043d\u0442\u0430\u043a\u0442 - Plaatimine24.ee","isPartOf":{"@id":"https:\/\/plaatimine24.ee\/ru\/#website"},"primaryImageOfPage":{"@id":"https:\/\/plaatimine24.ee\/ru\/%d0%ba%d0%be%d0%bd%d1%82%d0%b0%d0%ba%d1%82\/#primaryimage"},"image":{"@id":"https:\/\/plaatimine24.ee\/ru\/%d0%ba%d0%be%d0%bd%d1%82%d0%b0%d0%ba%d1%82\/#primaryimage"},"thumbnailUrl":"https:\/\/plaatimine24.ee\/wp-content\/uploads\/2025\/06\/plaatimine.webp","datePublished":"2025-03-31T13:33:44+00:00","dateModified":"2025-10-24T09:37:14+00:00","description":"\u0422\u0435\u043b\u0435\u0444\u043e\u043d: +372 5830 3800, Email: info@plaatimine24.ee, \u0420\u0430\u0431\u043e\u0442\u0430\u0435\u043c \u0431\u0435\u0437 \u0432\u044b\u0445\u043e\u0434\u043d\u044b\u0445 \u0441 08:00 \u0434\u043e 20:00, Profy O\u00dc, Endla 4, Tallinn.","breadcrumb":{"@id":"https:\/\/plaatimine24.ee\/ru\/%d0%ba%d0%be%d0%bd%d1%82%d0%b0%d0%ba%d1%82\/#breadcrumb"},"inLanguage":"ru-RU","potentialAction":[{"@type":"ReadAction","target":["https:\/\/plaatimine24.ee\/ru\/%d0%ba%d0%be%d0%bd%d1%82%d0%b0%d0%ba%d1%82\/"]}]},{"@type":"ImageObject","inLanguage":"ru-RU","@id":"https:\/\/plaatimine24.ee\/ru\/%d0%ba%d0%be%d0%bd%d1%82%d0%b0%d0%ba%d1%82\/#primaryimage","url":"https:\/\/plaatimine24.ee\/wp-content\/uploads\/2025\/06\/plaatimine.webp","contentUrl":"https:\/\/plaatimine24.ee\/wp-content\/uploads\/2025\/06\/plaatimine.webp","width":1200,"height":675,"caption":"Plaatimine"},{"@type":"BreadcrumbList","@id":"https:\/\/plaatimine24.ee\/ru\/%d0%ba%d0%be%d0%bd%d1%82%d0%b0%d0%ba%d1%82\/#breadcrumb","itemListElement":[{"@type":"ListItem","position":1,"name":"Home","item":"https:\/\/plaatimine24.ee\/ru\/"},{"@type":"ListItem","position":2,"name":"\u041a\u043e\u043d\u0442\u0430\u043a\u0442"}]},{"@type":"WebSite","@id":"https:\/\/plaatimine24.ee\/ru\/#website","url":"https:\/\/plaatimine24.ee\/ru\/","name":"Plaadit\u00f6\u00f6d garantiiga","description":"\u0423\u0441\u043b\u0443\u0433\u0438 \u043f\u043e \u0443\u043a\u043b\u0430\u0434\u043a\u0435 \u043f\u043b\u0438\u0442\u043a\u0438 \u0438 \u0440\u0435\u043c\u043e\u043d\u0442\u0443","publisher":{"@id":"https:\/\/plaatimine24.ee\/ru\/#organization"},"inLanguage":"ru-RU"},{"@type":["Organization","Place"],"@id":"https:\/\/plaatimine24.ee\/ru\/#organization","name":"Plaatimine24","alternateName":"Plaadit\u00f6\u00f6d","url":"https:\/\/plaatimine24.ee\/ru\/","logo":{"@id":"https:\/\/plaatimine24.ee\/ru\/%d0%ba%d0%be%d0%bd%d1%82%d0%b0%d0%ba%d1%82\/#local-main-organization-logo"},"image":{"@id":"https:\/\/plaatimine24.ee\/ru\/%d0%ba%d0%be%d0%bd%d1%82%d0%b0%d0%ba%d1%82\/#local-main-organization-logo"},"description":"Kvaliteetsed plaatimist\u00f6\u00f6d.","legalName":"Profy O\u00dc","foundingDate":"2004-02-22","numberOfEmployees":{"@type":"QuantitativeValue","minValue":"1","maxValue":"10"},"address":{"@id":"https:\/\/plaatimine24.ee\/ru\/%d0%ba%d0%be%d0%bd%d1%82%d0%b0%d0%ba%d1%82\/#local-main-place-address"},"geo":{"@type":"GeoCoordinates","latitude":"59.43061","longitude":"24.736752"},"telephone":["+37258303800"],"contactPoint":{"@type":"ContactPoint","telephone":"+37258303800","email":"info@plaatimine24.ee"},"openingHoursSpecification":[{"@type":"OpeningHoursSpecification","dayOfWeek":["Monday","Tuesday","Wednesday","Thursday","Friday","Saturday","Sunday"],"opens":"09:00","closes":"17:00"}],"email":"info@plaatimine24.ee","areaServed":"Tallinn","taxID":"EE101718482"},{"@type":"PostalAddress","@id":"https:\/\/plaatimine24.ee\/ru\/%d0%ba%d0%be%d0%bd%d1%82%d0%b0%d0%ba%d1%82\/#local-main-place-address","streetAddress":"Endla 4","addressLocality":"Tallinn","postalCode":"10142","addressRegion":"Harjumaa","addressCountry":"EE"},{"@type":"ImageObject","inLanguage":"ru-RU","@id":"https:\/\/plaatimine24.ee\/ru\/%d0%ba%d0%be%d0%bd%d1%82%d0%b0%d0%ba%d1%82\/#local-main-organization-logo","url":"https:\/\/plaatimine24.ee\/wp-content\/uploads\/2025\/06\/Plaatimine24-Logo8.png","contentUrl":"https:\/\/plaatimine24.ee\/wp-content\/uploads\/2025\/06\/Plaatimine24-Logo8.png","width":453,"height":154,"caption":"Plaatimine24"}]},"geo.placename":"Tallinn","geo.position":{"lat":"59.43061","long":"24.736752"},"geo.region":"\u042d\u0441\u0442\u043e\u043d\u0438\u044f"},"_links":{"self":[{"href":"https:\/\/plaatimine24.ee\/ru\/wp-json\/wp\/v2\/pages\/1705","targetHints":{"allow":["GET"]}}],"collection":[{"href":"https:\/\/plaatimine24.ee\/ru\/wp-json\/wp\/v2\/pages"}],"about":[{"href":"https:\/\/plaatimine24.ee\/ru\/wp-json\/wp\/v2\/types\/page"}],"author":[{"embeddable":true,"href":"https:\/\/plaatimine24.ee\/ru\/wp-json\/wp\/v2\/users\/1"}],"replies":[{"embeddable":true,"href":"https:\/\/plaatimine24.ee\/ru\/wp-json\/wp\/v2\/comments?post=1705"}],"version-history":[{"count":2,"href":"https:\/\/plaatimine24.ee\/ru\/wp-json\/wp\/v2\/pages\/1705\/revisions"}],"predecessor-version":[{"id":2467,"href":"https:\/\/plaatimine24.ee\/ru\/wp-json\/wp\/v2\/pages\/1705\/revisions\/2467"}],"wp:featuredmedia":[{"embeddable":true,"href":"https:\/\/plaatimine24.ee\/ru\/wp-json\/wp\/v2\/media\/2222"}],"wp:attachment":[{"href":"https:\/\/plaatimine24.ee\/ru\/wp-json\/wp\/v2\/media?parent=1705"}],"curies":[{"name":"wp","href":"https:\/\/api.w.org\/{rel}","templated":true}]}}