{"id":1697,"date":"2025-04-02T09:41:36","date_gmt":"2025-04-02T09:41:36","guid":{"rendered":"https:\/\/plaatimine24.ee\/?page_id=1697"},"modified":"2025-06-18T13:48:31","modified_gmt":"2025-06-18T10:48:31","slug":"%d0%b2%d0%b0%d0%ba%d0%b0%d0%bd%d1%81%d0%b8%d0%b8","status":"publish","type":"page","link":"https:\/\/plaatimine24.ee\/ru\/%d0%b2%d0%b0%d0%ba%d0%b0%d0%bd%d1%81%d0%b8%d0%b8\/","title":{"rendered":"\u0412\u0430\u043a\u0430\u043d\u0441\u0438\u0438"},"content":{"rendered":"<div class=\"fusion-fullwidth fullwidth-box fusion-builder-row-1 fusion-flex-container has-pattern-background has-mask-background nonhundred-percent-fullwidth non-hundred-percent-height-scrolling\" style=\"--awb-border-radius-top-left:0px;--awb-border-radius-top-right:0px;--awb-border-radius-bottom-right:0px;--awb-border-radius-bottom-left:0px;--awb-flex-wrap:wrap;\" ><div class=\"fusion-builder-row fusion-row fusion-flex-align-items-flex-start fusion-flex-content-wrap\" style=\"max-width:1216.8px;margin-left: calc(-4% \/ 2 );margin-right: calc(-4% \/ 2 );\"><div class=\"fusion-layout-column fusion_builder_column fusion-builder-column-0 fusion_builder_column_1_1 1_1 fusion-flex-column\" style=\"--awb-bg-size:cover;--awb-width-large:100%;--awb-margin-top-large:0px;--awb-spacing-right-large:1.92%;--awb-margin-bottom-large:0px;--awb-spacing-left-large:1.92%;--awb-width-medium:100%;--awb-order-medium:0;--awb-spacing-right-medium:1.92%;--awb-spacing-left-medium:1.92%;--awb-width-small:100%;--awb-order-small:0;--awb-spacing-right-small:1.92%;--awb-spacing-left-small:1.92%;\"><div class=\"fusion-column-wrapper fusion-column-has-shadow fusion-flex-justify-content-flex-start fusion-content-layout-column\"><div class=\"fusion-text fusion-text-1\" style=\"--awb-text-color:#0a0a0a;\"><p class=\"ai-optimize-6\"><strong>\u041c\u042b \u0418\u0429\u0415\u041c \u0421\u041f\u0415\u0426\u0418\u0410\u041b\u0418\u0421\u0422\u0410 \u041f\u041e \u0420\u0415\u041c\u041e\u041d\u0422\u0423!<\/strong><\/p>\n<p class=\"ai-optimize-7\"><strong>\u0420\u0430\u0431\u043e\u0442\u0430 \u041f\u043b\u0438\u0442\u043e\u0447\u043d\u0438\u043a\u043e\u043c \u0432 \u0422\u0430\u043b\u043b\u0438\u043d\u043d\u0435 \u0438 \u042d\u0441\u0442\u043e\u043d\u0438\u0438<\/strong><br \/>\n<strong>\u0420\u0430\u0431\u043e\u0442\u0430 \u0421\u0430\u043d\u0442\u0435\u0445\u043d\u0438\u043a\u043e\u043c \u0432 \u0422\u0430\u043b\u043b\u0438\u043d\u043d\u0435 \u0438 \u042d\u0441\u0442\u043e\u043d\u0438\u0438<\/strong><br \/>\n<strong>\u0420\u0430\u0431\u043e\u0442\u0430 \u042d\u043b\u0435\u043a\u0442\u0440\u0438\u043a\u043e\u043c \u0432 \u0422\u0430\u043b\u043b\u0438\u043d\u043d\u0435 \u0438 \u042d\u0441\u0442\u043e\u043d\u0438\u0438<\/strong><br \/>\n<strong>\u0420\u0430\u0431\u043e\u0442\u0430 \u041c\u0430\u043b\u044f\u0440\u043e\u043c \u0432 \u0422\u0430\u043b\u043b\u0438\u043d\u043d\u0435 \u0438 \u042d\u0441\u0442\u043e\u043d\u0438\u0438<\/strong><\/p>\n<p class=\"ai-optimize-8\">Plaatimine24 \u2014 \u043a\u043e\u043c\u043f\u0430\u043d\u0438\u044f, \u0440\u0430\u0431\u043e\u0442\u0430\u044e\u0449\u0430\u044f \u0432 \u0422\u0430\u043b\u043b\u0438\u043d\u043d\u0435 \u0438 \u0425\u0430\u0440\u044c\u044e\u043c\u0430\u0430, \u043f\u0440\u0435\u0434\u043b\u0430\u0433\u0430\u044e\u0449\u0430\u044f \u0441\u0432\u043e\u0438\u043c \u043a\u043b\u0438\u0435\u043d\u0442\u0430\u043c \u043b\u0443\u0447\u0448\u0438\u0435 \u0440\u0435\u0448\u0435\u043d\u0438\u044f \u043f\u043e \u0440\u0435\u043c\u043e\u043d\u0442\u0443 \u0432\u0430\u043d\u043d\u044b\u0445 \u043a\u043e\u043c\u043d\u0430\u0442, \u0442\u0443\u0430\u043b\u0435\u0442\u043e\u0432 \u0438 \u0442\u0430\u043c, \u0433\u0434\u0435 \u0442\u0440\u0435\u0431\u0443\u0435\u0442\u0441\u044f \u0443\u043a\u043b\u0430\u0434\u043a\u0430 \u043f\u043b\u0438\u0442\u043a\u0438, \u0430 \u0442\u0430\u043a\u0436\u0435 \u0441\u0430\u043d\u0442\u0435\u0445\u043d\u0438\u0447\u0435\u0441\u043a\u0438\u0435 \u0438 \u0440\u0430\u0431\u043e\u0442\u044b \u043f\u043e \u044d\u043b\u0435\u043a\u0442\u0440\u0438\u043a\u0435. \u041a\u043e\u043c\u0430\u043d\u0434\u0430 \u0441\u043e\u0441\u0442\u043e\u0438\u0442 \u0438\u0437 \u043e\u0431\u0443\u0447\u0435\u043d\u043d\u044b\u0445 \u043c\u0430\u0441\u0442\u0435\u0440\u043e\u0432, \u0438 \u043c\u044b \u043e\u0440\u0438\u0435\u043d\u0442\u0438\u0440\u0443\u0435\u043c\u0441\u044f \u043d\u0430 \u043a\u0430\u0447\u0435\u0441\u0442\u0432\u043e \u0438 \u0443\u0434\u043e\u0432\u043b\u0435\u0442\u0432\u043e\u0440\u0435\u043d\u043d\u043e\u0441\u0442\u044c \u043a\u043b\u0438\u0435\u043d\u0442\u043e\u0432.<\/p>\n<p class=\"ai-optimize-9\">\u041c\u044b \u0438\u0449\u0435\u043c \u043c\u0430\u0441\u0442\u0435\u0440\u043e\u0432 \u043f\u043e \u0440\u0435\u043c\u043e\u043d\u0442\u0443 \u0441 \u0440\u0430\u0437\u043b\u0438\u0447\u043d\u044b\u043c \u043e\u043f\u044b\u0442\u043e\u043c \u0440\u0430\u0431\u043e\u0442\u044b \u0432 \u043d\u0430\u0448\u0443 \u043a\u043e\u043c\u0430\u043d\u0434\u0443, \u0432 \u0441\u0444\u0435\u0440\u0443 \u0432\u0430\u0448\u0435\u0439 \u043e\u0442\u0432\u0435\u0442\u0441\u0442\u0432\u0435\u043d\u043d\u043e\u0441\u0442\u0438 \u0432\u0445\u043e\u0434\u044f\u0442 \u0440\u0430\u0437\u043b\u0438\u0447\u043d\u044b\u0435 \u0440\u0435\u043c\u043e\u043d\u0442\u043d\u044b\u0435 \u0440\u0430\u0431\u043e\u0442\u044b, \u043a\u043e\u043d\u0435\u0447\u043d\u044b\u043c \u0440\u0435\u0437\u0443\u043b\u044c\u0442\u0430\u0442\u043e\u043c \u043a\u043e\u0442\u043e\u0440\u044b\u0445 \u0434\u043b\u044f \u043a\u043b\u0438\u0435\u043d\u0442\u0430 \u044f\u0432\u043b\u044f\u0435\u0442\u0441\u044f \u0432\u044b\u0441\u043e\u043a\u043e\u043a\u0430\u0447\u0435\u0441\u0442\u0432\u0435\u043d\u043d\u044b\u0439 \u0440\u0435\u043c\u043e\u043d\u0442 \u0438 \u043e\u0442\u0434\u0435\u043b\u043a\u0430 \u0432\u0430\u043d\u043d\u044b\u0445 \u043a\u043e\u043c\u043d\u0430\u0442 \u0438 \u0434\u0440\u0443\u0433\u0438\u0445 \u0436\u0438\u043b\u044b\u0445 \u043f\u043e\u043c\u0435\u0449\u0435\u043d\u0438\u0439.<\/p>\n<p class=\"ai-optimize-10\">\u042d\u0442\u0430 \u0432\u0430\u043a\u0430\u043d\u0441\u0438\u044f \u0434\u043b\u044f \u0432\u0430\u0441, \u0435\u0441\u043b\u0438:<\/p>\n<p class=\"ai-optimize-11\">\u0423 \u0432\u0430\u0441 \u0435\u0441\u0442\u044c \u0432\u043e\u0434\u0438\u0442\u0435\u043b\u044c\u0441\u043a\u0438\u0435 \u043f\u0440\u0430\u0432\u0430 \u043a\u0430\u0442\u0435\u0433\u043e\u0440\u0438\u0438 B;<br \/>\n\u0412\u044b \u0443\u043c\u0435\u0435\u0442\u0435 \u043f\u043b\u0430\u043d\u0438\u0440\u043e\u0432\u0430\u0442\u044c \u0438 \u043e\u0440\u0433\u0430\u043d\u0438\u0437\u043e\u0432\u044b\u0432\u0430\u0442\u044c \u0441\u0432\u043e\u044e \u0440\u0430\u0431\u043e\u0442\u0443 \u0441\u0430\u043c\u043e\u0441\u0442\u043e\u044f\u0442\u0435\u043b\u044c\u043d\u043e;<br \/>\n\u0412\u044b \u0438\u0449\u0435\u0442\u0435 \u0441\u0442\u0430\u0431\u0438\u043b\u044c\u043d\u0443\u044e \u0440\u0430\u0431\u043e\u0442\u0443 \u043d\u0430 \u043f\u043e\u043b\u043d\u044b\u0439 \u0440\u0430\u0431\u043e\u0447\u0438\u0439 \u0434\u0435\u043d\u044c \u0432 \u0422\u0430\u043b\u043b\u0438\u043d\u043d\u0435 \u0438\u043b\u0438 \u0425\u0430\u0440\u044c\u044e\u043c\u0430\u0430;<br \/>\n\u0421\u0442\u0440\u043e\u0438\u0442\u0435\u043b\u044c\u043d\u043e\u0435 \u043e\u0431\u0440\u0430\u0437\u043e\u0432\u0430\u043d\u0438\u0435 \u0438 \u043e\u043f\u044b\u0442 \u0440\u0435\u043c\u043e\u043d\u0442\u0430 \u0432\u0430\u043d\u043d\u044b\u0445 \u043a\u043e\u043c\u043d\u0430\u0442 \u0431\u0443\u0434\u0443\u0442 \u043f\u0440\u0435\u0438\u043c\u0443\u0449\u0435\u0441\u0442\u0432\u043e\u043c!<\/p>\n<p class=\"ai-optimize-12\">\u0421\u043e \u0441\u0432\u043e\u0435\u0439 \u0441\u0442\u043e\u0440\u043e\u043d\u044b \u043c\u044b \u043f\u0440\u0435\u0434\u043b\u0430\u0433\u0430\u0435\u043c:<br \/>\n\u041f\u043e\u043b\u043d\u0430\u044f \u0437\u0430\u043d\u044f\u0442\u043e\u0441\u0442\u044c, \u0441\u0442\u0430\u0431\u0438\u043b\u044c\u043d\u0430\u044f \u0440\u0430\u0431\u043e\u0442\u0430 \u0441 \u043f\u043e\u043d\u0435\u0434\u0435\u043b\u044c\u043d\u0438\u043a\u0430 \u043f\u043e \u043f\u044f\u0442\u043d\u0438\u0446\u0443 \u0432 \u0431\u0440\u0438\u0433\u0430\u0434\u0435 \u043c\u0430\u0441\u0442\u0435\u0440\u043e\u0432;<br \/>\n\u041d\u0435\u043e\u0431\u0445\u043e\u0434\u0438\u043c\u044b\u0435 \u0438\u043d\u0441\u0442\u0440\u0443\u043c\u0435\u043d\u0442\u044b, \u043e\u0434\u0435\u0436\u0434\u0430 \u0438 \u043e\u0431\u043e\u0440\u0443\u0434\u043e\u0432\u0430\u043d\u0438\u0435;<br \/>\n\u041e\u0444\u0438\u0446\u0438\u0430\u043b\u044c\u043d\u0430\u044f \u0437\u0430\u0440\u0430\u0431\u043e\u0442\u043d\u0430\u044f \u043f\u043b\u0430\u0442\u0430 \u0432 \u0437\u0430\u0432\u0438\u0441\u0438\u043c\u043e\u0441\u0442\u0438 \u043e\u0442 \u043d\u0430\u0432\u044b\u043a\u043e\u0432 \u0438 \u0440\u0435\u0437\u0443\u043b\u044c\u0442\u0430\u0442\u043e\u0432, \u043e\u0442 2000\u20ac;<\/p>\n<p class=\"ai-optimize-13\">\u0414\u043b\u044f \u043f\u043e\u0434\u0430\u0447\u0438 \u0437\u0430\u044f\u0432\u043a\u0438 \u043f\u043e\u0437\u0432\u043e\u043d\u0438\u0442\u0435 <strong>+372 58303800<\/strong> \u0438\u043b\u0438 \u043d\u0430\u043f\u0438\u0448\u0438\u0442\u0435 \u043d\u0430\u043c \u043d\u0430 \u0435\u043c\u0430\u0439\u043b: <a href=\"mailto:info@plaatimine24.ee\"><strong>info@plaatimine24.ee<\/strong><\/a><\/p>\n<\/div><\/div><\/div><\/div><\/div>\n","protected":false},"excerpt":{"rendered":"","protected":false},"author":1,"featured_media":0,"parent":0,"menu_order":0,"comment_status":"closed","ping_status":"closed","template":"100-width.php","meta":{"footnotes":""},"class_list":["post-1697","page","type-page","status-publish","hentry"],"yoast_head":"<!-- This site is optimized with the Yoast SEO Premium plugin v27.5 (Yoast SEO v27.5) - https:\/\/yoast.com\/product\/yoast-seo-premium-wordpress\/ -->\n<title>\u0412\u0430\u043a\u0430\u043d\u0441\u0438\u0438 - Plaatimine24.ee<\/title>\n<meta name=\"robots\" content=\"index, follow, max-snippet:-1, max-image-preview:large, max-video-preview:-1\" \/>\n<link rel=\"canonical\" href=\"https:\/\/plaatimine24.ee\/ru\/%d0%b2%d0%b0%d0%ba%d0%b0%d0%bd%d1%81%d0%b8%d0%b8\/\" \/>\n<meta property=\"og:locale\" content=\"ru_RU\" \/>\n<meta property=\"og:type\" content=\"article\" \/>\n<meta property=\"og:title\" content=\"\u0412\u0430\u043a\u0430\u043d\u0441\u0438\u0438\" \/>\n<meta property=\"og:url\" content=\"https:\/\/plaatimine24.ee\/ru\/%d0%b2%d0%b0%d0%ba%d0%b0%d0%bd%d1%81%d0%b8%d0%b8\/\" \/>\n<meta property=\"og:site_name\" content=\"Plaatimine24.ee\" \/>\n<meta property=\"article:modified_time\" content=\"2025-06-18T10:48:31+00:00\" \/>\n<meta name=\"twitter:card\" content=\"summary_large_image\" \/>\n<meta name=\"twitter:label1\" content=\"\u041f\u0440\u0438\u043c\u0435\u0440\u043d\u043e\u0435 \u0432\u0440\u0435\u043c\u044f \u0434\u043b\u044f \u0447\u0442\u0435\u043d\u0438\u044f\" \/>\n\t<meta name=\"twitter:data1\" content=\"2 \u043c\u0438\u043d\u0443\u0442\u044b\" \/>\n<script type=\"application\/ld+json\" class=\"yoast-schema-graph\">{\"@context\":\"https:\\\/\\\/schema.org\",\"@graph\":[{\"@type\":\"WebPage\",\"@id\":\"https:\\\/\\\/plaatimine24.ee\\\/ru\\\/%d0%b2%d0%b0%d0%ba%d0%b0%d0%bd%d1%81%d0%b8%d0%b8\\\/\",\"url\":\"https:\\\/\\\/plaatimine24.ee\\\/ru\\\/%d0%b2%d0%b0%d0%ba%d0%b0%d0%bd%d1%81%d0%b8%d0%b8\\\/\",\"name\":\"\u0412\u0430\u043a\u0430\u043d\u0441\u0438\u0438 - Plaatimine24.ee\",\"isPartOf\":{\"@id\":\"https:\\\/\\\/plaatimine24.ee\\\/ru\\\/#website\"},\"datePublished\":\"2025-04-02T09:41:36+00:00\",\"dateModified\":\"2025-06-18T10:48:31+00:00\",\"breadcrumb\":{\"@id\":\"https:\\\/\\\/plaatimine24.ee\\\/ru\\\/%d0%b2%d0%b0%d0%ba%d0%b0%d0%bd%d1%81%d0%b8%d0%b8\\\/#breadcrumb\"},\"inLanguage\":\"ru-RU\",\"potentialAction\":[{\"@type\":\"ReadAction\",\"target\":[\"https:\\\/\\\/plaatimine24.ee\\\/ru\\\/%d0%b2%d0%b0%d0%ba%d0%b0%d0%bd%d1%81%d0%b8%d0%b8\\\/\"]}]},{\"@type\":\"BreadcrumbList\",\"@id\":\"https:\\\/\\\/plaatimine24.ee\\\/ru\\\/%d0%b2%d0%b0%d0%ba%d0%b0%d0%bd%d1%81%d0%b8%d0%b8\\\/#breadcrumb\",\"itemListElement\":[{\"@type\":\"ListItem\",\"position\":1,\"name\":\"Home\",\"item\":\"https:\\\/\\\/plaatimine24.ee\\\/ru\\\/\"},{\"@type\":\"ListItem\",\"position\":2,\"name\":\"\u0412\u0430\u043a\u0430\u043d\u0441\u0438\u0438\"}]},{\"@type\":\"WebSite\",\"@id\":\"https:\\\/\\\/plaatimine24.ee\\\/ru\\\/#website\",\"url\":\"https:\\\/\\\/plaatimine24.ee\\\/ru\\\/\",\"name\":\"Plaadit\u00f6\u00f6d garantiiga\",\"description\":\"\u0423\u0441\u043b\u0443\u0433\u0438 \u043f\u043e \u0443\u043a\u043b\u0430\u0434\u043a\u0435 \u043f\u043b\u0438\u0442\u043a\u0438 \u0438 \u0440\u0435\u043c\u043e\u043d\u0442\u0443\",\"publisher\":{\"@id\":\"https:\\\/\\\/plaatimine24.ee\\\/ru\\\/#organization\"},\"inLanguage\":\"ru-RU\"},{\"@type\":[\"Organization\",\"Place\"],\"@id\":\"https:\\\/\\\/plaatimine24.ee\\\/ru\\\/#organization\",\"name\":\"Plaatimine24\",\"alternateName\":\"Plaadit\u00f6\u00f6d\",\"url\":\"https:\\\/\\\/plaatimine24.ee\\\/ru\\\/\",\"logo\":{\"@id\":\"https:\\\/\\\/plaatimine24.ee\\\/ru\\\/%d0%b2%d0%b0%d0%ba%d0%b0%d0%bd%d1%81%d0%b8%d0%b8\\\/#local-main-organization-logo\"},\"image\":{\"@id\":\"https:\\\/\\\/plaatimine24.ee\\\/ru\\\/%d0%b2%d0%b0%d0%ba%d0%b0%d0%bd%d1%81%d0%b8%d0%b8\\\/#local-main-organization-logo\"},\"description\":\"Kvaliteetsed plaatimist\u00f6\u00f6d.\",\"legalName\":\"Profy O\u00dc\",\"foundingDate\":\"2004-02-22\",\"numberOfEmployees\":{\"@type\":\"QuantitativeValue\",\"minValue\":\"1\",\"maxValue\":\"10\"},\"address\":{\"@id\":\"https:\\\/\\\/plaatimine24.ee\\\/ru\\\/%d0%b2%d0%b0%d0%ba%d0%b0%d0%bd%d1%81%d0%b8%d0%b8\\\/#local-main-place-address\"},\"geo\":{\"@type\":\"GeoCoordinates\",\"latitude\":\"59.43061\",\"longitude\":\"24.736752\"},\"telephone\":[\"+37258303800\"],\"contactPoint\":{\"@type\":\"ContactPoint\",\"telephone\":\"+37258303800\",\"email\":\"info@plaatimine24.ee\"},\"openingHoursSpecification\":[{\"@type\":\"OpeningHoursSpecification\",\"dayOfWeek\":[\"Monday\",\"Tuesday\",\"Wednesday\",\"Thursday\",\"Friday\",\"Saturday\",\"Sunday\"],\"opens\":\"09:00\",\"closes\":\"17:00\"}],\"email\":\"info@plaatimine24.ee\",\"areaServed\":\"Tallinn\",\"taxID\":\"EE101718482\"},{\"@type\":\"PostalAddress\",\"@id\":\"https:\\\/\\\/plaatimine24.ee\\\/ru\\\/%d0%b2%d0%b0%d0%ba%d0%b0%d0%bd%d1%81%d0%b8%d0%b8\\\/#local-main-place-address\",\"streetAddress\":\"Endla 4\",\"addressLocality\":\"Tallinn\",\"postalCode\":\"10142\",\"addressRegion\":\"Harjumaa\",\"addressCountry\":\"EE\"},{\"@type\":\"ImageObject\",\"inLanguage\":\"ru-RU\",\"@id\":\"https:\\\/\\\/plaatimine24.ee\\\/ru\\\/%d0%b2%d0%b0%d0%ba%d0%b0%d0%bd%d1%81%d0%b8%d0%b8\\\/#local-main-organization-logo\",\"url\":\"https:\\\/\\\/plaatimine24.ee\\\/wp-content\\\/uploads\\\/2025\\\/06\\\/Plaatimine24-Logo8.png\",\"contentUrl\":\"https:\\\/\\\/plaatimine24.ee\\\/wp-content\\\/uploads\\\/2025\\\/06\\\/Plaatimine24-Logo8.png\",\"width\":453,\"height\":154,\"caption\":\"Plaatimine24\"}]}<\/script>\n<meta name=\"geo.placename\" content=\"Tallinn\" \/>\n<meta name=\"geo.position\" content=\"59.43061;24.736752\" \/>\n<meta name=\"geo.region\" content=\"\u042d\u0441\u0442\u043e\u043d\u0438\u044f\" \/>\n<!-- \/ Yoast SEO Premium plugin. -->","yoast_head_json":{"title":"\u0412\u0430\u043a\u0430\u043d\u0441\u0438\u0438 - Plaatimine24.ee","robots":{"index":"index","follow":"follow","max-snippet":"max-snippet:-1","max-image-preview":"max-image-preview:large","max-video-preview":"max-video-preview:-1"},"canonical":"https:\/\/plaatimine24.ee\/ru\/%d0%b2%d0%b0%d0%ba%d0%b0%d0%bd%d1%81%d0%b8%d0%b8\/","og_locale":"ru_RU","og_type":"article","og_title":"\u0412\u0430\u043a\u0430\u043d\u0441\u0438\u0438","og_url":"https:\/\/plaatimine24.ee\/ru\/%d0%b2%d0%b0%d0%ba%d0%b0%d0%bd%d1%81%d0%b8%d0%b8\/","og_site_name":"Plaatimine24.ee","article_modified_time":"2025-06-18T10:48:31+00:00","twitter_card":"summary_large_image","twitter_misc":{"\u041f\u0440\u0438\u043c\u0435\u0440\u043d\u043e\u0435 \u0432\u0440\u0435\u043c\u044f \u0434\u043b\u044f \u0447\u0442\u0435\u043d\u0438\u044f":"2 \u043c\u0438\u043d\u0443\u0442\u044b"},"schema":{"@context":"https:\/\/schema.org","@graph":[{"@type":"WebPage","@id":"https:\/\/plaatimine24.ee\/ru\/%d0%b2%d0%b0%d0%ba%d0%b0%d0%bd%d1%81%d0%b8%d0%b8\/","url":"https:\/\/plaatimine24.ee\/ru\/%d0%b2%d0%b0%d0%ba%d0%b0%d0%bd%d1%81%d0%b8%d0%b8\/","name":"\u0412\u0430\u043a\u0430\u043d\u0441\u0438\u0438 - Plaatimine24.ee","isPartOf":{"@id":"https:\/\/plaatimine24.ee\/ru\/#website"},"datePublished":"2025-04-02T09:41:36+00:00","dateModified":"2025-06-18T10:48:31+00:00","breadcrumb":{"@id":"https:\/\/plaatimine24.ee\/ru\/%d0%b2%d0%b0%d0%ba%d0%b0%d0%bd%d1%81%d0%b8%d0%b8\/#breadcrumb"},"inLanguage":"ru-RU","potentialAction":[{"@type":"ReadAction","target":["https:\/\/plaatimine24.ee\/ru\/%d0%b2%d0%b0%d0%ba%d0%b0%d0%bd%d1%81%d0%b8%d0%b8\/"]}]},{"@type":"BreadcrumbList","@id":"https:\/\/plaatimine24.ee\/ru\/%d0%b2%d0%b0%d0%ba%d0%b0%d0%bd%d1%81%d0%b8%d0%b8\/#breadcrumb","itemListElement":[{"@type":"ListItem","position":1,"name":"Home","item":"https:\/\/plaatimine24.ee\/ru\/"},{"@type":"ListItem","position":2,"name":"\u0412\u0430\u043a\u0430\u043d\u0441\u0438\u0438"}]},{"@type":"WebSite","@id":"https:\/\/plaatimine24.ee\/ru\/#website","url":"https:\/\/plaatimine24.ee\/ru\/","name":"Plaadit\u00f6\u00f6d garantiiga","description":"\u0423\u0441\u043b\u0443\u0433\u0438 \u043f\u043e \u0443\u043a\u043b\u0430\u0434\u043a\u0435 \u043f\u043b\u0438\u0442\u043a\u0438 \u0438 \u0440\u0435\u043c\u043e\u043d\u0442\u0443","publisher":{"@id":"https:\/\/plaatimine24.ee\/ru\/#organization"},"inLanguage":"ru-RU"},{"@type":["Organization","Place"],"@id":"https:\/\/plaatimine24.ee\/ru\/#organization","name":"Plaatimine24","alternateName":"Plaadit\u00f6\u00f6d","url":"https:\/\/plaatimine24.ee\/ru\/","logo":{"@id":"https:\/\/plaatimine24.ee\/ru\/%d0%b2%d0%b0%d0%ba%d0%b0%d0%bd%d1%81%d0%b8%d0%b8\/#local-main-organization-logo"},"image":{"@id":"https:\/\/plaatimine24.ee\/ru\/%d0%b2%d0%b0%d0%ba%d0%b0%d0%bd%d1%81%d0%b8%d0%b8\/#local-main-organization-logo"},"description":"Kvaliteetsed plaatimist\u00f6\u00f6d.","legalName":"Profy O\u00dc","foundingDate":"2004-02-22","numberOfEmployees":{"@type":"QuantitativeValue","minValue":"1","maxValue":"10"},"address":{"@id":"https:\/\/plaatimine24.ee\/ru\/%d0%b2%d0%b0%d0%ba%d0%b0%d0%bd%d1%81%d0%b8%d0%b8\/#local-main-place-address"},"geo":{"@type":"GeoCoordinates","latitude":"59.43061","longitude":"24.736752"},"telephone":["+37258303800"],"contactPoint":{"@type":"ContactPoint","telephone":"+37258303800","email":"info@plaatimine24.ee"},"openingHoursSpecification":[{"@type":"OpeningHoursSpecification","dayOfWeek":["Monday","Tuesday","Wednesday","Thursday","Friday","Saturday","Sunday"],"opens":"09:00","closes":"17:00"}],"email":"info@plaatimine24.ee","areaServed":"Tallinn","taxID":"EE101718482"},{"@type":"PostalAddress","@id":"https:\/\/plaatimine24.ee\/ru\/%d0%b2%d0%b0%d0%ba%d0%b0%d0%bd%d1%81%d0%b8%d0%b8\/#local-main-place-address","streetAddress":"Endla 4","addressLocality":"Tallinn","postalCode":"10142","addressRegion":"Harjumaa","addressCountry":"EE"},{"@type":"ImageObject","inLanguage":"ru-RU","@id":"https:\/\/plaatimine24.ee\/ru\/%d0%b2%d0%b0%d0%ba%d0%b0%d0%bd%d1%81%d0%b8%d0%b8\/#local-main-organization-logo","url":"https:\/\/plaatimine24.ee\/wp-content\/uploads\/2025\/06\/Plaatimine24-Logo8.png","contentUrl":"https:\/\/plaatimine24.ee\/wp-content\/uploads\/2025\/06\/Plaatimine24-Logo8.png","width":453,"height":154,"caption":"Plaatimine24"}]},"geo.placename":"Tallinn","geo.position":{"lat":"59.43061","long":"24.736752"},"geo.region":"\u042d\u0441\u0442\u043e\u043d\u0438\u044f"},"_links":{"self":[{"href":"https:\/\/plaatimine24.ee\/ru\/wp-json\/wp\/v2\/pages\/1697","targetHints":{"allow":["GET"]}}],"collection":[{"href":"https:\/\/plaatimine24.ee\/ru\/wp-json\/wp\/v2\/pages"}],"about":[{"href":"https:\/\/plaatimine24.ee\/ru\/wp-json\/wp\/v2\/types\/page"}],"author":[{"embeddable":true,"href":"https:\/\/plaatimine24.ee\/ru\/wp-json\/wp\/v2\/users\/1"}],"replies":[{"embeddable":true,"href":"https:\/\/plaatimine24.ee\/ru\/wp-json\/wp\/v2\/comments?post=1697"}],"version-history":[{"count":0,"href":"https:\/\/plaatimine24.ee\/ru\/wp-json\/wp\/v2\/pages\/1697\/revisions"}],"wp:attachment":[{"href":"https:\/\/plaatimine24.ee\/ru\/wp-json\/wp\/v2\/media?parent=1697"}],"curies":[{"name":"wp","href":"https:\/\/api.w.org\/{rel}","templated":true}]}}